{"id":114,"date":"2022-03-21T08:25:30","date_gmt":"2022-03-21T08:25:30","guid":{"rendered":"http:\/\/193.194.89.203\/?page_id=114"},"modified":"2022-08-02T20:46:22","modified_gmt":"2022-08-02T20:46:22","slug":"departements","status":"publish","type":"page","link":"https:\/\/fchimie.usthb.dz\/index.php\/departements\/","title":{"rendered":"D\u00e9partements"},"content":{"rendered":"\n<p>Les d\u00e9partements de la facult\u00e9 :<\/p>\n\n\n\n<p><\/p>\n\n\n\n<ul class=\"wp-block-list\"><li><a href=\"http:\/\/fchimie.usthb.dz\/index.php\/dpt1\/\" data-type=\"URL\" data-id=\"http:\/\/fchimie.usthb.dz\/index.php\/dpt1\/\">D\u00e9partement de Chimie Organique Appliqu\u00e9e<\/a><\/li><li><a href=\"http:\/\/fchimie.usthb.dz\/index.php\/dpt2\/\" data-type=\"URL\" data-id=\"http:\/\/fchimie.usthb.dz\/index.php\/dpt2\/\">D\u00e9partement de Chimie Physique et Th\u00e9orique<\/a><\/li><li><a href=\"http:\/\/fchimie.usthb.dz\/index.php\/dpt3\/\" data-type=\"URL\" data-id=\"http:\/\/fchimie.usthb.dz\/index.php\/dpt3\/\">D\u00e9partement de Chimie Macromoleculaire<\/a><\/li><li><a href=\"http:\/\/fchimie.usthb.dz\/index.php\/dpt4\/\" data-type=\"URL\" data-id=\"http:\/\/fchimie.usthb.dz\/index.php\/dpt4\/\">D\u00e9partement de Chimie et Physique des Mat\u00e9riaux Inorganique<\/a><\/li><\/ul>\n\n\n\n<p><\/p>\n","protected":false},"excerpt":{"rendered":"<p>Les d\u00e9partements de la facult\u00e9 : D\u00e9partement de Chimie Organique Appliqu\u00e9e D\u00e9partement de Chimie Physique et Th\u00e9orique D\u00e9partement de Chimie <span class=\"readmore\"><a href=\"https:\/\/fchimie.usthb.dz\/index.php\/departements\/\">Suite<\/a><\/span><\/p>\n","protected":false},"author":2,"featured_media":0,"parent":0,"menu_order":0,"comment_status":"closed","ping_status":"closed","template":"","meta":{"footnotes":""},"class_list":["post-114","page","type-page","status-publish","hentry"],"_links":{"self":[{"href":"https:\/\/fchimie.usthb.dz\/index.php\/wp-json\/wp\/v2\/pages\/114"}],"collection":[{"href":"https:\/\/fchimie.usthb.dz\/index.php\/wp-json\/wp\/v2\/pages"}],"about":[{"href":"https:\/\/fchimie.usthb.dz\/index.php\/wp-json\/wp\/v2\/types\/page"}],"author":[{"embeddable":true,"href":"https:\/\/fchimie.usthb.dz\/index.php\/wp-json\/wp\/v2\/users\/2"}],"replies":[{"embeddable":true,"href":"https:\/\/fchimie.usthb.dz\/index.php\/wp-json\/wp\/v2\/comments?post=114"}],"version-history":[{"count":4,"href":"https:\/\/fchimie.usthb.dz\/index.php\/wp-json\/wp\/v2\/pages\/114\/revisions"}],"predecessor-version":[{"id":678,"href":"https:\/\/fchimie.usthb.dz\/index.php\/wp-json\/wp\/v2\/pages\/114\/revisions\/678"}],"wp:attachment":[{"href":"https:\/\/fchimie.usthb.dz\/index.php\/wp-json\/wp\/v2\/media?parent=114"}],"curies":[{"name":"wp","href":"https:\/\/api.w.org\/{rel}","templated":true}]}}