{"id":118,"date":"2022-03-21T08:28:03","date_gmt":"2022-03-21T08:28:03","guid":{"rendered":"http:\/\/193.194.89.203\/?page_id=118"},"modified":"2022-08-02T20:43:24","modified_gmt":"2022-08-02T20:43:24","slug":"organes-scientifiques","status":"publish","type":"page","link":"https:\/\/fchimie.usthb.dz\/index.php\/organes-scientifiques\/","title":{"rendered":"Organes Scientifiques"},"content":{"rendered":"\n<ul class=\"wp-block-list\"><li><a href=\"http:\/\/fchimie.usthb.dz\/index.php\/csd\/\" data-type=\"URL\" data-id=\"http:\/\/fchimie.usthb.dz\/index.php\/csd\/\">Comit\u00e9s Scientifiques des d\u00e9partements &#8211; CSD<\/a><\/li><li><a href=\"http:\/\/fchimie.usthb.dz\/index.php\/csf\/\" data-type=\"URL\" data-id=\"http:\/\/fchimie.usthb.dz\/index.php\/csf\/\">Conseil Scientifique de la Facult\u00e9 &#8211; CSF<\/a><\/li><li><a href=\"http:\/\/fchimie.usthb.dz\/index.php\/calendrier-des-csd-csf\/\" data-type=\"URL\" data-id=\"http:\/\/fchimie.usthb.dz\/index.php\/calendrier-des-csd-csf\/\">Calendrier des CSD\/CSF<\/a><\/li><\/ul>\n\n\n\n<p><\/p>\n","protected":false},"excerpt":{"rendered":"<p>Comit\u00e9s Scientifiques des d\u00e9partements &#8211; CSD Conseil Scientifique de la Facult\u00e9 &#8211; CSF Calendrier des CSD\/CSF<\/p>\n","protected":false},"author":2,"featured_media":0,"parent":0,"menu_order":0,"comment_status":"closed","ping_status":"closed","template":"","meta":{"footnotes":""},"class_list":["post-118","page","type-page","status-publish","hentry"],"_links":{"self":[{"href":"https:\/\/fchimie.usthb.dz\/index.php\/wp-json\/wp\/v2\/pages\/118"}],"collection":[{"href":"https:\/\/fchimie.usthb.dz\/index.php\/wp-json\/wp\/v2\/pages"}],"about":[{"href":"https:\/\/fchimie.usthb.dz\/index.php\/wp-json\/wp\/v2\/types\/page"}],"author":[{"embeddable":true,"href":"https:\/\/fchimie.usthb.dz\/index.php\/wp-json\/wp\/v2\/users\/2"}],"replies":[{"embeddable":true,"href":"https:\/\/fchimie.usthb.dz\/index.php\/wp-json\/wp\/v2\/comments?post=118"}],"version-history":[{"count":5,"href":"https:\/\/fchimie.usthb.dz\/index.php\/wp-json\/wp\/v2\/pages\/118\/revisions"}],"predecessor-version":[{"id":676,"href":"https:\/\/fchimie.usthb.dz\/index.php\/wp-json\/wp\/v2\/pages\/118\/revisions\/676"}],"wp:attachment":[{"href":"https:\/\/fchimie.usthb.dz\/index.php\/wp-json\/wp\/v2\/media?parent=118"}],"curies":[{"name":"wp","href":"https:\/\/api.w.org\/{rel}","templated":true}]}}