{"id":13,"date":"2022-02-17T11:14:22","date_gmt":"2022-02-17T11:14:22","guid":{"rendered":"http:\/\/193.194.89.203\/?page_id=13"},"modified":"2022-08-02T21:07:34","modified_gmt":"2022-08-02T21:07:34","slug":"recherche","status":"publish","type":"page","link":"https:\/\/fchimie.usthb.dz\/index.php\/recherche\/","title":{"rendered":"Recherche Scientifique"},"content":{"rendered":"\n<p>La facult\u00e9 de chimie compte dans ses structures 16 laboratoires de recherche agr\u00e9es en 2000. Ces laboratoires sont compos\u00e9s au minimum de 4 \u00e9quipes chacun et ont pour mission de former des \u00e9tudiants en Magister, en Master et en Doctorat \u00e0 travers des sujets de recherche valid\u00e9s par le CSF et en g\u00e9n\u00e9ral inscrits dans des projets de recherches CNEPRU ou autres.<br>Certains projets de recherche sont \u00e9galement financ\u00e9s par d\u2019autres organismes publics qui veillent \u00e0 l\u2019am\u00e9lioration de la recherche scientifique.<\/p>\n\n\n\n<p>Des th\u00e8mes de recherche d\u2019actualit\u00e9 sont d\u00e9velopp\u00e9s par les diff\u00e9rents laboratoires autours principalement de la Chimie de l\u2019environnement, de l\u2019eau , de la catalyse , de la Chimie des Mat\u00e9riaux Organiques et Inorganiques , de la Chimie-Physique Th\u00e9orique et Appliqu\u00e9e et de l\u2019\u00e9l\u00e9ctrochimie .<\/p>\n\n\n\n<div class=\"wp-block-media-text alignwide is-stacked-on-mobile\" style=\"grid-template-columns:59% auto\"><figure class=\"wp-block-media-text__media\"><img loading=\"lazy\" decoding=\"async\" width=\"1024\" height=\"696\" src=\"http:\/\/193.194.89.203\/wp-content\/uploads\/2022\/05\/rs-1-1024x696.jpg\" alt=\"\" class=\"wp-image-409 size-full\" srcset=\"https:\/\/fchimie.usthb.dz\/wp-content\/uploads\/2022\/05\/rs-1-1024x696.jpg 1024w, https:\/\/fchimie.usthb.dz\/wp-content\/uploads\/2022\/05\/rs-1-300x204.jpg 300w, https:\/\/fchimie.usthb.dz\/wp-content\/uploads\/2022\/05\/rs-1-768x522.jpg 768w, https:\/\/fchimie.usthb.dz\/wp-content\/uploads\/2022\/05\/rs-1-1536x1045.jpg 1536w, https:\/\/fchimie.usthb.dz\/wp-content\/uploads\/2022\/05\/rs-1.jpg 1588w\" sizes=\"(max-width: 1024px) 100vw, 1024px\" \/><\/figure><div class=\"wp-block-media-text__content\">\n<ul class=\"wp-block-list\"><li><a href=\"http:\/\/fchimie.usthb.dz\/index.php\/laboratoires-de-recherche\/\" data-type=\"URL\" data-id=\"http:\/\/fchimie.usthb.dz\/index.php\/laboratoires-de-recherche\/\">Laboratoires de recherche<\/a><\/li><li><a href=\"http:\/\/fchimie.usthb.dz\/index.php\/projets-de-recherche\/\" data-type=\"URL\" data-id=\"http:\/\/fchimie.usthb.dz\/index.php\/projets-de-recherche\/\">Projets de Recherche<\/a><\/li><li><a href=\"http:\/\/fchimie.usthb.dz\/index.php\/productions-scientifiques\/\" data-type=\"URL\" data-id=\"http:\/\/fchimie.usthb.dz\/index.php\/productions-scientifiques\/\">Productions scientifiques<\/a><\/li><li><a href=\"http:\/\/fchimie.usthb.dz\/index.php\/distinctions\/\" data-type=\"URL\" data-id=\"http:\/\/fchimie.usthb.dz\/index.php\/distinctions\/\">Distinctions<\/a><\/li><\/ul>\n<\/div><\/div>\n","protected":false},"excerpt":{"rendered":"<p>La facult\u00e9 de chimie compte dans ses structures 16 laboratoires de recherche agr\u00e9es en 2000. Ces laboratoires sont compos\u00e9s au <span class=\"readmore\"><a href=\"https:\/\/fchimie.usthb.dz\/index.php\/recherche\/\">Suite<\/a><\/span><\/p>\n","protected":false},"author":1,"featured_media":0,"parent":0,"menu_order":0,"comment_status":"closed","ping_status":"closed","template":"","meta":{"footnotes":""},"class_list":["post-13","page","type-page","status-publish","hentry"],"_links":{"self":[{"href":"https:\/\/fchimie.usthb.dz\/index.php\/wp-json\/wp\/v2\/pages\/13"}],"collection":[{"href":"https:\/\/fchimie.usthb.dz\/index.php\/wp-json\/wp\/v2\/pages"}],"about":[{"href":"https:\/\/fchimie.usthb.dz\/index.php\/wp-json\/wp\/v2\/types\/page"}],"author":[{"embeddable":true,"href":"https:\/\/fchimie.usthb.dz\/index.php\/wp-json\/wp\/v2\/users\/1"}],"replies":[{"embeddable":true,"href":"https:\/\/fchimie.usthb.dz\/index.php\/wp-json\/wp\/v2\/comments?post=13"}],"version-history":[{"count":7,"href":"https:\/\/fchimie.usthb.dz\/index.php\/wp-json\/wp\/v2\/pages\/13\/revisions"}],"predecessor-version":[{"id":683,"href":"https:\/\/fchimie.usthb.dz\/index.php\/wp-json\/wp\/v2\/pages\/13\/revisions\/683"}],"wp:attachment":[{"href":"https:\/\/fchimie.usthb.dz\/index.php\/wp-json\/wp\/v2\/media?parent=13"}],"curies":[{"name":"wp","href":"https:\/\/api.w.org\/{rel}","templated":true}]}}