{"id":145,"date":"2022-03-21T08:31:00","date_gmt":"2022-03-21T08:31:00","guid":{"rendered":"http:\/\/193.194.89.203\/?page_id=145"},"modified":"2024-09-25T10:17:27","modified_gmt":"2024-09-25T10:17:27","slug":"emplois-du-temps-2","status":"publish","type":"page","link":"https:\/\/fchimie.usthb.dz\/index.php\/emplois-du-temps-2\/","title":{"rendered":"Emplois du temps"},"content":{"rendered":"\n<p><\/p>\n\n\n\n<div class=\"wp-block-file\"><a id=\"wp-block-file--media-832762e1-4fbb-47d2-a8b6-cac3a53094f4\" href=\"http:\/\/fchimie.usthb.dz\/wp-content\/uploads\/2024\/09\/Emploi-du-temps-L3-S1-2024-2025.pdf\"><strong>Emploi du temps L3 Chimie. Fondamental Section A, B et C . S1  ann\u00e9e 2024-2025<\/strong><\/a><a href=\"http:\/\/fchimie.usthb.dz\/wp-content\/uploads\/2024\/09\/Emploi-du-temps-L3-S1-2024-2025.pdf\" class=\"wp-block-file__button\" download aria-describedby=\"wp-block-file--media-832762e1-4fbb-47d2-a8b6-cac3a53094f4\">Download<\/a><\/div>\n\n\n\n<p><\/p>\n\n\n\n<div class=\"wp-block-file\"><a id=\"wp-block-file--media-7db3ae40-cc3c-43bd-acc5-6a10dbb02d2c\" href=\"http:\/\/fchimie.usthb.dz\/wp-content\/uploads\/2024\/09\/EDT-L2.docx\"><strong>Emploi du temps<\/strong>\u00a0<strong>L2<\/strong>\u00a0<strong>Semestre 1<\/strong>:\u00a0\u00a0<strong>Ann\u00e9e Universitaire:\u00a02025\/2024<\/strong><\/a><a href=\"http:\/\/fchimie.usthb.dz\/wp-content\/uploads\/2024\/09\/EDT-L2.docx\" class=\"wp-block-file__button\" download aria-describedby=\"wp-block-file--media-7db3ae40-cc3c-43bd-acc5-6a10dbb02d2c\">Download<\/a><\/div>\n\n\n\n<p><\/p>\n\n\n\n<p><strong>Les Emplois du temps des Premier et Troisi\u00e8me Semestres du Master 1 et Master 2 de toutes les sp\u00e9cialit\u00e9s pour l&#8217;ann\u00e9e universitaire 2024-2025<\/strong><\/p>\n\n\n\n<p><\/p>\n\n\n\n<div class=\"wp-block-file\"><a id=\"wp-block-file--media-f88564d8-1209-4170-b71f-85bdbaa4cdf0\" href=\"http:\/\/fchimie.usthb.dz\/wp-content\/uploads\/2024\/09\/EMPLOI-DU-TEMPS-M1-CA-S1-2024-2025-.pdf\">EMPLOI DU TEMPS M1 CA S1 2024-2025<\/a><a href=\"http:\/\/fchimie.usthb.dz\/wp-content\/uploads\/2024\/09\/EMPLOI-DU-TEMPS-M1-CA-S1-2024-2025-.pdf\" class=\"wp-block-file__button\" download aria-describedby=\"wp-block-file--media-f88564d8-1209-4170-b71f-85bdbaa4cdf0\">Download<\/a><\/div>\n\n\n\n<div class=\"wp-block-file\"><a id=\"wp-block-file--media-ce1cfbc0-fb8d-4959-878d-9a76b5a57591\" href=\"http:\/\/fchimie.usthb.dz\/wp-content\/uploads\/2024\/09\/Emploi-du-temps-S1_M1-MACRO-MCH6B-2024-2025-.pdf\">Emploi du temps-S1_M1 MACRO (MCH6B)- 2024-2025<\/a><a href=\"http:\/\/fchimie.usthb.dz\/wp-content\/uploads\/2024\/09\/Emploi-du-temps-S1_M1-MACRO-MCH6B-2024-2025-.pdf\" class=\"wp-block-file__button\" download aria-describedby=\"wp-block-file--media-ce1cfbc0-fb8d-4959-878d-9a76b5a57591\">Download<\/a><\/div>\n\n\n\n<div class=\"wp-block-file\"><a id=\"wp-block-file--media-29e014d6-1c1d-4e92-bc0b-ec01c0c69049\" href=\"http:\/\/fchimie.usthb.dz\/wp-content\/uploads\/2024\/09\/EMPLOI-DU-TEMPS-M1-S1-Master-Chimie-de-lEau-2024-2025.pdf\">EMPLOI DU TEMPS M1 S1 Master Chimie de l&#8217;Eau 2024-2025<\/a><a href=\"http:\/\/fchimie.usthb.dz\/wp-content\/uploads\/2024\/09\/EMPLOI-DU-TEMPS-M1-S1-Master-Chimie-de-lEau-2024-2025.pdf\" class=\"wp-block-file__button\" download aria-describedby=\"wp-block-file--media-29e014d6-1c1d-4e92-bc0b-ec01c0c69049\">Download<\/a><\/div>\n\n\n\n<div class=\"wp-block-file\"><a id=\"wp-block-file--media-7eb3c2ad-e07e-4451-a322-7208d6b45112\" href=\"http:\/\/fchimie.usthb.dz\/wp-content\/uploads\/2024\/09\/EMPLOI-DU-TEMPS-S1-M1-MATERIAUX-2024-2025.pdf\">EMPLOI DU TEMPS S1 M1 MAT\u00c9RIAUX 2024-2025<\/a><a href=\"http:\/\/fchimie.usthb.dz\/wp-content\/uploads\/2024\/09\/EMPLOI-DU-TEMPS-S1-M1-MATERIAUX-2024-2025.pdf\" class=\"wp-block-file__button\" download aria-describedby=\"wp-block-file--media-7eb3c2ad-e07e-4451-a322-7208d6b45112\">Download<\/a><\/div>\n\n\n\n<div class=\"wp-block-file\"><a id=\"wp-block-file--media-2e6d8e33-09e7-4964-81f5-6037d49179e7\" href=\"http:\/\/fchimie.usthb.dz\/wp-content\/uploads\/2024\/09\/Emploi-du-temps-S1-M1-Chimie-Pharmaceutique-MCH10-2024-2025.pdf\">Emploi du temps S1-M1 Chimie Pharmaceutique (MCH10) 2024-2025<\/a><a href=\"http:\/\/fchimie.usthb.dz\/wp-content\/uploads\/2024\/09\/Emploi-du-temps-S1-M1-Chimie-Pharmaceutique-MCH10-2024-2025.pdf\" class=\"wp-block-file__button\" download aria-describedby=\"wp-block-file--media-2e6d8e33-09e7-4964-81f5-6037d49179e7\">Download<\/a><\/div>\n\n\n\n<div class=\"wp-block-file\"><a id=\"wp-block-file--media-33b2c866-4c7e-45d0-b865-cc941bb6f656\" href=\"http:\/\/fchimie.usthb.dz\/wp-content\/uploads\/2024\/09\/EMPLOI-DU-TEMPS-M2-CA-2024-2025.pdf\">EMPLOI DU TEMPS M2 CA 2024-2025<\/a><a href=\"http:\/\/fchimie.usthb.dz\/wp-content\/uploads\/2024\/09\/EMPLOI-DU-TEMPS-M2-CA-2024-2025.pdf\" class=\"wp-block-file__button\" download aria-describedby=\"wp-block-file--media-33b2c866-4c7e-45d0-b865-cc941bb6f656\">Download<\/a><\/div>\n\n\n\n<div class=\"wp-block-file\"><a id=\"wp-block-file--media-dccb2e12-bd43-4165-a292-6aca64a2cd97\" href=\"http:\/\/fchimie.usthb.dz\/wp-content\/uploads\/2024\/09\/EMPLOI-DU-TEMPS-M2-S3-Master-Chimie-de-lEau-2024-2025.pdf\">EMPLOI DU TEMPS M2 S3 Master Chimie de l&#8217;Eau 2024-2025<\/a><a href=\"http:\/\/fchimie.usthb.dz\/wp-content\/uploads\/2024\/09\/EMPLOI-DU-TEMPS-M2-S3-Master-Chimie-de-lEau-2024-2025.pdf\" class=\"wp-block-file__button\" download aria-describedby=\"wp-block-file--media-dccb2e12-bd43-4165-a292-6aca64a2cd97\">Download<\/a><\/div>\n\n\n\n<div class=\"wp-block-file\"><a id=\"wp-block-file--media-02f2bf4a-20c4-456d-b874-4cb7e86132b3\" href=\"http:\/\/fchimie.usthb.dz\/wp-content\/uploads\/2024\/09\/EMPLOI-DU-TEMPS-S3-M2-MATERIAUX-2023-2024.pdf\">EMPLOI DU TEMPS S3 M2 MAT\u00c9RIAUX 2023-2024<\/a><a href=\"http:\/\/fchimie.usthb.dz\/wp-content\/uploads\/2024\/09\/EMPLOI-DU-TEMPS-S3-M2-MATERIAUX-2023-2024.pdf\" class=\"wp-block-file__button\" download aria-describedby=\"wp-block-file--media-02f2bf4a-20c4-456d-b874-4cb7e86132b3\">Download<\/a><\/div>\n\n\n\n<div class=\"wp-block-file\"><a id=\"wp-block-file--media-37964669-85bd-4fd6-9fd6-5d5515a1112f\" href=\"http:\/\/fchimie.usthb.dz\/wp-content\/uploads\/2024\/09\/Emploi-du-temps-S3-M2-Chimie-Pharmaceutique-MCH10-2024-2025.pdf\">Emploi du temps S3-M2 Chimie Pharmaceutique (MCH10) 2024-2025<\/a><a href=\"http:\/\/fchimie.usthb.dz\/wp-content\/uploads\/2024\/09\/Emploi-du-temps-S3-M2-Chimie-Pharmaceutique-MCH10-2024-2025.pdf\" class=\"wp-block-file__button\" download aria-describedby=\"wp-block-file--media-37964669-85bd-4fd6-9fd6-5d5515a1112f\">Download<\/a><\/div>\n\n\n\n<div class=\"wp-block-file\"><a id=\"wp-block-file--media-31bdf2ca-beae-4e55-b443-90bcd10f8217\" href=\"http:\/\/fchimie.usthb.dz\/wp-content\/uploads\/2024\/09\/Emploi-du-temps-S3-_-M2-Papier-MCH11-2024-2025-.pdf\">Emploi du temps-S3 _ M2 Papier (MCH11)- 2024-2025<\/a><a href=\"http:\/\/fchimie.usthb.dz\/wp-content\/uploads\/2024\/09\/Emploi-du-temps-S3-_-M2-Papier-MCH11-2024-2025-.pdf\" class=\"wp-block-file__button\" download aria-describedby=\"wp-block-file--media-31bdf2ca-beae-4e55-b443-90bcd10f8217\">Download<\/a><\/div>\n\n\n\n<div class=\"wp-block-file\"><a id=\"wp-block-file--media-fc9dd59d-669e-4b7b-b13d-e14d20da207b\" href=\"http:\/\/fchimie.usthb.dz\/wp-content\/uploads\/2024\/09\/Emploi-du-temps-S3-M2-MACRO-MCH6B-2024-2025-.pdf\">Emploi du temps-S3 M2 MACRO (MCH6B)- 2024-2025<\/a><a href=\"http:\/\/fchimie.usthb.dz\/wp-content\/uploads\/2024\/09\/Emploi-du-temps-S3-M2-MACRO-MCH6B-2024-2025-.pdf\" class=\"wp-block-file__button\" download aria-describedby=\"wp-block-file--media-fc9dd59d-669e-4b7b-b13d-e14d20da207b\">Download<\/a><\/div>\n\n\n\n<div class=\"wp-block-file\"><a id=\"wp-block-file--media-be5057de-67db-491e-84c5-3cc464a3c96a\" href=\"http:\/\/fchimie.usthb.dz\/wp-content\/uploads\/2024\/09\/Time-table-Master-CTCS-M1-2024-2025.pdf\">Time table Master CTCS M1 2024-2025<\/a><a href=\"http:\/\/fchimie.usthb.dz\/wp-content\/uploads\/2024\/09\/Time-table-Master-CTCS-M1-2024-2025.pdf\" class=\"wp-block-file__button\" download aria-describedby=\"wp-block-file--media-be5057de-67db-491e-84c5-3cc464a3c96a\">Download<\/a><\/div>\n\n\n\n<div class=\"wp-block-file\"><a id=\"wp-block-file--media-06dac725-4161-4913-84a7-e383697ff8d6\" href=\"http:\/\/fchimie.usthb.dz\/wp-content\/uploads\/2024\/09\/Time-table-Master-CTCS-M2-20242025.pdf\">Time table Master CTCS M2 20242025<\/a><a href=\"http:\/\/fchimie.usthb.dz\/wp-content\/uploads\/2024\/09\/Time-table-Master-CTCS-M2-20242025.pdf\" class=\"wp-block-file__button\" download aria-describedby=\"wp-block-file--media-06dac725-4161-4913-84a7-e383697ff8d6\">Download<\/a><\/div>\n\n\n\n<p><\/p>\n","protected":false},"excerpt":{"rendered":"<p>Les Emplois du temps des Premier et Troisi\u00e8me Semestres du Master 1 et Master 2 de toutes les sp\u00e9cialit\u00e9s pour <span class=\"readmore\"><a href=\"https:\/\/fchimie.usthb.dz\/index.php\/emplois-du-temps-2\/\">Suite<\/a><\/span><\/p>\n","protected":false},"author":2,"featured_media":211,"parent":0,"menu_order":0,"comment_status":"closed","ping_status":"closed","template":"","meta":{"footnotes":""},"class_list":["post-145","page","type-page","status-publish","has-post-thumbnail","hentry"],"_links":{"self":[{"href":"https:\/\/fchimie.usthb.dz\/index.php\/wp-json\/wp\/v2\/pages\/145"}],"collection":[{"href":"https:\/\/fchimie.usthb.dz\/index.php\/wp-json\/wp\/v2\/pages"}],"about":[{"href":"https:\/\/fchimie.usthb.dz\/index.php\/wp-json\/wp\/v2\/types\/page"}],"author":[{"embeddable":true,"href":"https:\/\/fchimie.usthb.dz\/index.php\/wp-json\/wp\/v2\/users\/2"}],"replies":[{"embeddable":true,"href":"https:\/\/fchimie.usthb.dz\/index.php\/wp-json\/wp\/v2\/comments?post=145"}],"version-history":[{"count":32,"href":"https:\/\/fchimie.usthb.dz\/index.php\/wp-json\/wp\/v2\/pages\/145\/revisions"}],"predecessor-version":[{"id":3164,"href":"https:\/\/fchimie.usthb.dz\/index.php\/wp-json\/wp\/v2\/pages\/145\/revisions\/3164"}],"wp:featuredmedia":[{"embeddable":true,"href":"https:\/\/fchimie.usthb.dz\/index.php\/wp-json\/wp\/v2\/media\/211"}],"wp:attachment":[{"href":"https:\/\/fchimie.usthb.dz\/index.php\/wp-json\/wp\/v2\/media?parent=145"}],"curies":[{"name":"wp","href":"https:\/\/api.w.org\/{rel}","templated":true}]}}