{"id":15,"date":"2022-02-17T11:14:22","date_gmt":"2022-02-17T11:14:22","guid":{"rendered":"http:\/\/193.194.89.203\/?page_id=15"},"modified":"2022-06-11T16:13:42","modified_gmt":"2022-06-11T16:13:42","slug":"bibliotheque","status":"publish","type":"page","link":"https:\/\/fchimie.usthb.dz\/index.php\/bibliotheque\/","title":{"rendered":"Biblioth\u00e8que"},"content":{"rendered":"\n<div style=\"height:64px\" aria-hidden=\"true\" class=\"wp-block-spacer\"><\/div>\n\n\n\n<h2 class=\"has-blue-color has-text-color wp-block-heading\" id=\"charte-documentaire-de-la-bibliotheque-de-recherche\">Charte documentaire de la biblioth\u00e8que de recherche<\/h2>\n\n\n\n<p class=\"has-blue-color has-text-color has-normal-font-size\"><strong>Pr\u00e9ambule<\/strong><\/p>\n\n\n\n<p>La charte documentaire pr\u00e9sente les grandes lignes de la politique de d\u00e9veloppement des collections de la biblioth\u00e8que de recherche de la facult\u00e9 de chimie.<\/p>\n\n\n\n<p>C\u2019est un texte qui d\u00e9crit les principes et les pratiques mis en \u0153uvre par la biblioth\u00e8que pour la s\u00e9lection, l\u2019acquisition, la mise en valeur et la conservation des documents en rapport avec ses missions et ses usagers.<\/p>\n\n\n\n<p>C\u2019est aussi un cadre pour l\u2019\u00e9laboration des plans de d\u00e9veloppement des collections par disciplines.<\/p>\n\n\n\n<figure class=\"wp-block-image size-large is-resized\"><img loading=\"lazy\" decoding=\"async\" src=\"http:\/\/193.194.89.203\/wp-content\/uploads\/2022\/06\/biblo-1024x768.jpg\" alt=\"\" class=\"wp-image-536\" width=\"872\" height=\"654\" srcset=\"https:\/\/fchimie.usthb.dz\/wp-content\/uploads\/2022\/06\/biblo-1024x768.jpg 1024w, https:\/\/fchimie.usthb.dz\/wp-content\/uploads\/2022\/06\/biblo-300x225.jpg 300w, https:\/\/fchimie.usthb.dz\/wp-content\/uploads\/2022\/06\/biblo-768x576.jpg 768w, https:\/\/fchimie.usthb.dz\/wp-content\/uploads\/2022\/06\/biblo-1536x1152.jpg 1536w, https:\/\/fchimie.usthb.dz\/wp-content\/uploads\/2022\/06\/biblo-829x622.jpg 829w, https:\/\/fchimie.usthb.dz\/wp-content\/uploads\/2022\/06\/biblo.jpg 2048w\" sizes=\"(max-width: 872px) 100vw, 872px\" \/><\/figure>\n\n\n\n<h2 class=\"has-blue-color has-text-color wp-block-heading\" id=\"presentation-de-la-bibliotheque\">Pr\u00e9sentation de la biblioth\u00e8que<\/h2>\n\n\n\n<p class=\"has-blue-color has-text-color\"><strong>Historique<\/strong><\/p>\n\n\n\n<ul class=\"wp-block-list\"><li>1976\u00a0: date de sa cr\u00e9ation<\/li><li>1978 aconnu un incendie qui a d\u00e9vast\u00e9 90% de son fonds documentaire.<\/li><\/ul>\n\n\n\n<p class=\"has-blue-color has-text-color\"><strong>Locaux (infrastructures)<\/strong><\/p>\n\n\n\n<p>La biblioth\u00e8que de recherche de la Facult\u00e9 de chimie s\u2019\u00e9tale sur une surface de 228,31 m\u00b2. Cette surface est r\u00e9partie en quatre (04) aires.<\/p>\n\n\n\n<ul class=\"wp-block-list\"><li>Bureau du responsable (18,22 m\u00b2), continu\u00e9 par un espace de (11,25 m\u00b2) r\u00e9serv\u00e9 cependant pour la collecte et le traitement de l\u2019information.<\/li><li>Espace magasin (78,54 m\u00b2), dont la banque de pr\u00eat.<\/li><li>Salle de lecture (43,66 m\u00b2).<\/li><li>Salle des p\u00e9riodiques \u2013 annexe \u00e0 la biblioth\u00e8que (76,64 m\u00b2).La biblioth\u00e8que de recherche de la Facult\u00e9 de chimie s\u2019\u00e9tale sur une surface de 228,31 m\u00b2. Cette surface est r\u00e9partie en quatre (04) aires.<\/li><\/ul>\n\n\n\n<p class=\"has-blue-color has-text-color\"><strong>Acc\u00e8s<\/strong><\/p>\n\n\n\n<ul class=\"wp-block-list\"><li>R\u00e9serv\u00e9 aux enseignants, aux chercheurs (Doctorant) et aux \u00e9tudiants en mast\u00e8re (1 et 2) de la Facult\u00e9 de chimie.<\/li><li>Autres usagers sur demande d\u2019autorisation.<\/li><li>Horaires d\u2019ouverture : 8h30 \u2013 16h30<\/li><\/ul>\n\n\n\n<p class=\"has-blue-color has-text-color\"><strong>Mission et objectif<\/strong><\/p>\n\n\n\n<p>Depuis sa cr\u00e9ation en 1976, la biblioth\u00e8que de recherche acquiert et conserve de fa\u00e7on exhaustive les ouvrages et revues de sp\u00e9cialit\u00e9s en chimie et g\u00e9nie chimique de langue fran\u00e7aise et \u00e9trang\u00e8re de niveau recherche.<\/p>\n\n\n\n<p><strong>Elle r\u00e9pond \u00e0 un triple but\u00a0:<\/strong><\/p>\n\n\n\n<ul class=\"wp-block-list\"><li>Conserver, organiser, canaliser le flux de l\u2019information scientifique et technique cr\u00e9\u00e9 par ce qu\u2019il est convenu d\u2019appeler l\u2019<strong>explosion documentaire<\/strong>.<\/li><li>Etre syst\u00e9matiquement inform\u00e9 de tout nouveau document susceptible d\u2019int\u00e9resser un chercheur, c\u2019est le <strong>syst\u00e8me d\u2019alerte documentaire<\/strong>.<\/li><li>Trouver \u00e0 la demande le document souhait\u00e9, c\u2019est le <strong>syst\u00e8me de<\/strong> <strong>recherche documentaire<\/strong> qui peut prendre plusieurs formes<\/li><\/ul>\n\n\n\n<p>Elle est au service de la recherche et de l\u2019enseignement. Elle est constitu\u00e9e en fonction des besoins exprim\u00e9s par les enseignants et les chercheurs, notamment en chimie (\u00e9tude et enseignement), chimie analytique, chimie organique, chimie inorganique (chimie min\u00e9rale, cristallographie, min\u00e9ralogie), G\u00e9nie chimique, Math\u00e9matiques-Informatique, Physique.<\/p>\n","protected":false},"excerpt":{"rendered":"<p>Charte documentaire de la biblioth\u00e8que de recherche Pr\u00e9ambule La charte documentaire pr\u00e9sente les grandes lignes de la politique de d\u00e9veloppement <span class=\"readmore\"><a href=\"https:\/\/fchimie.usthb.dz\/index.php\/bibliotheque\/\">Suite<\/a><\/span><\/p>\n","protected":false},"author":1,"featured_media":0,"parent":0,"menu_order":0,"comment_status":"closed","ping_status":"closed","template":"","meta":{"footnotes":""},"class_list":["post-15","page","type-page","status-publish","hentry"],"_links":{"self":[{"href":"https:\/\/fchimie.usthb.dz\/index.php\/wp-json\/wp\/v2\/pages\/15"}],"collection":[{"href":"https:\/\/fchimie.usthb.dz\/index.php\/wp-json\/wp\/v2\/pages"}],"about":[{"href":"https:\/\/fchimie.usthb.dz\/index.php\/wp-json\/wp\/v2\/types\/page"}],"author":[{"embeddable":true,"href":"https:\/\/fchimie.usthb.dz\/index.php\/wp-json\/wp\/v2\/users\/1"}],"replies":[{"embeddable":true,"href":"https:\/\/fchimie.usthb.dz\/index.php\/wp-json\/wp\/v2\/comments?post=15"}],"version-history":[{"count":6,"href":"https:\/\/fchimie.usthb.dz\/index.php\/wp-json\/wp\/v2\/pages\/15\/revisions"}],"predecessor-version":[{"id":542,"href":"https:\/\/fchimie.usthb.dz\/index.php\/wp-json\/wp\/v2\/pages\/15\/revisions\/542"}],"wp:attachment":[{"href":"https:\/\/fchimie.usthb.dz\/index.php\/wp-json\/wp\/v2\/media?parent=15"}],"curies":[{"name":"wp","href":"https:\/\/api.w.org\/{rel}","templated":true}]}}