{"id":167,"date":"2022-03-21T08:56:26","date_gmt":"2022-03-21T08:56:26","guid":{"rendered":"http:\/\/193.194.89.203\/?page_id=167"},"modified":"2024-09-23T12:36:28","modified_gmt":"2024-09-23T12:36:28","slug":"laboratoires-de-recherche","status":"publish","type":"page","link":"https:\/\/fchimie.usthb.dz\/index.php\/laboratoires-de-recherche\/","title":{"rendered":"Laboratoires de recherche"},"content":{"rendered":"\n<div style=\"height:42px\" aria-hidden=\"true\" class=\"wp-block-spacer\"><\/div>\n\n\n\n<h2 class=\"has-blue-color has-text-color has-normal-font-size wp-block-heading\" id=\"departement-de-chimie-organique-appliquee\"><strong>D\u00c9PARTEMENT DE CHIMIE ORGANIQUE APPLIQU\u00c9E<\/strong><\/h2>\n\n\n\n<div class=\"wp-block-media-text alignwide is-stacked-on-mobile\" style=\"grid-template-columns:30% auto\"><figure class=\"wp-block-media-text__media\"><img loading=\"lazy\" decoding=\"async\" width=\"567\" height=\"378\" src=\"http:\/\/193.194.89.203\/wp-content\/uploads\/2022\/06\/LAOF.jpg\" alt=\"\" class=\"wp-image-450 size-full\" srcset=\"https:\/\/fchimie.usthb.dz\/wp-content\/uploads\/2022\/06\/LAOF.jpg 567w, https:\/\/fchimie.usthb.dz\/wp-content\/uploads\/2022\/06\/LAOF-300x200.jpg 300w, https:\/\/fchimie.usthb.dz\/wp-content\/uploads\/2022\/06\/LAOF-480x320.jpg 480w\" sizes=\"(max-width: 567px) 100vw, 567px\" \/><\/figure><div class=\"wp-block-media-text__content\">\n<p><strong>Laboratoire d\u2019analyse Organique Fonctionnelle<\/strong><br><strong>Directeur <\/strong>: Prof. BENKACI ALI Farid<br><strong>Email <\/strong>        : <a rel=\"noreferrer noopener\" href=\"mailto:lboudarene@gmail.com\" target=\"_blank\"><\/a><a rel=\"noreferrer noopener\" href=\"mailto:benkaciaf@yahoo.fr\" target=\"_blank\">benkaciaf@yahoo.fr<\/a><br><strong>Site web<\/strong>   &nbsp;:&nbsp;<a rel=\"noreferrer noopener\" href=\"https:\/\/laof.usthb.dz\/\" target=\"_blank\">www.laof.usthb.dz<\/a><\/p>\n<\/div><\/div>\n\n\n\n<div class=\"wp-block-media-text alignwide is-stacked-on-mobile\" style=\"grid-template-columns:30% auto\"><figure class=\"wp-block-media-text__media\"><img loading=\"lazy\" decoding=\"async\" width=\"567\" height=\"378\" src=\"http:\/\/193.194.89.203\/wp-content\/uploads\/2022\/06\/LCOA.jpg\" alt=\"\" class=\"wp-image-451 size-full\" srcset=\"https:\/\/fchimie.usthb.dz\/wp-content\/uploads\/2022\/06\/LCOA.jpg 567w, https:\/\/fchimie.usthb.dz\/wp-content\/uploads\/2022\/06\/LCOA-300x200.jpg 300w, https:\/\/fchimie.usthb.dz\/wp-content\/uploads\/2022\/06\/LCOA-480x320.jpg 480w\" sizes=\"(max-width: 567px) 100vw, 567px\" \/><\/figure><div class=\"wp-block-media-text__content\">\n<p><strong>Laboratoire<\/strong> <strong>de<\/strong> <strong>Chimie Organique Appliqu\u00e9e<\/strong><br><strong><strong>Directeur<\/strong><\/strong>  : Prof. IDOUHAR Madjid&nbsp;<br><strong>Email         <\/strong>: <a rel=\"noreferrer noopener\" href=\"mailto:idouharmadjid@yahoo.fr\" target=\"_blank\">idouharmadjid@yahoo.fr<\/a><br><strong>Site we<\/strong>b&nbsp;   :&nbsp; <a rel=\"noreferrer noopener\" href=\"https:\/\/www.lcoa.usthb.dz\/\" target=\"_blank\">www.lcoa.usthb.dz<\/a><\/p>\n<\/div><\/div>\n\n\n\n<div class=\"wp-block-media-text alignwide is-stacked-on-mobile\" style=\"grid-template-columns:30% auto\"><figure class=\"wp-block-media-text__media\"><img loading=\"lazy\" decoding=\"async\" width=\"567\" height=\"378\" src=\"http:\/\/193.194.89.203\/wp-content\/uploads\/2022\/06\/LCGN-1.jpg\" alt=\"\" class=\"wp-image-455 size-full\" srcset=\"https:\/\/fchimie.usthb.dz\/wp-content\/uploads\/2022\/06\/LCGN-1.jpg 567w, https:\/\/fchimie.usthb.dz\/wp-content\/uploads\/2022\/06\/LCGN-1-300x200.jpg 300w, https:\/\/fchimie.usthb.dz\/wp-content\/uploads\/2022\/06\/LCGN-1-480x320.jpg 480w\" sizes=\"(max-width: 567px) 100vw, 567px\" \/><\/figure><div class=\"wp-block-media-text__content\">\n<p><strong>Laboratoire<\/strong> <strong>de<\/strong> <strong>Chimie du Gaz Naturel<\/strong><br><strong><strong>Directrice<\/strong><\/strong>  :  Dr. ZEKRI&nbsp;Ouardia<br><strong>Email        &nbsp;<\/strong>:  <a rel=\"noreferrer noopener\" href=\"mailto:asaadi@usthb.dz\" target=\"_blank\">ozekri@usthb.dz<\/a><br><strong>Site web<\/strong>&nbsp;   : <a rel=\"noreferrer noopener\" href=\"https:\/\/lcgn.usthb.dz\/\" target=\"_blank\">&nbsp;www.lcgn.usthb.dz<\/a><\/p>\n<\/div><\/div>\n\n\n\n<div class=\"wp-block-media-text alignwide is-stacked-on-mobile\" style=\"grid-template-columns:30% auto\"><figure class=\"wp-block-media-text__media\"><img loading=\"lazy\" decoding=\"async\" width=\"567\" height=\"378\" src=\"http:\/\/193.194.89.203\/wp-content\/uploads\/2022\/06\/LC.jpg\" alt=\"\" class=\"wp-image-458 size-full\" srcset=\"https:\/\/fchimie.usthb.dz\/wp-content\/uploads\/2022\/06\/LC.jpg 567w, https:\/\/fchimie.usthb.dz\/wp-content\/uploads\/2022\/06\/LC-300x200.jpg 300w, https:\/\/fchimie.usthb.dz\/wp-content\/uploads\/2022\/06\/LC-480x320.jpg 480w\" sizes=\"(max-width: 567px) 100vw, 567px\" \/><\/figure><div class=\"wp-block-media-text__content\">\n<p><strong>Laboratoire<\/strong> <strong>de<\/strong> <strong>Chromatographie<\/strong><br><strong>Directrice <\/strong>: Prof. FERROUKHI Ouassila<br><strong>Email <\/strong>        : <a rel=\"noreferrer noopener\" href=\"mailto:ferroukhiouassila@yahoo.fr\" target=\"_blank\">ferroukhiouassila@yahoo.fr<\/a>&nbsp;<br><strong>Site web<\/strong>&nbsp;  :<a rel=\"noreferrer noopener\" href=\"https:\/\/lc.usthb.dz\/\" target=\"_blank\">&nbsp;www.lc.usthb.dz<\/a><\/p>\n<\/div><\/div>\n\n\n\n<div class=\"wp-block-media-text alignwide is-stacked-on-mobile\" style=\"grid-template-columns:30% auto\"><figure class=\"wp-block-media-text__media\"><img loading=\"lazy\" decoding=\"async\" width=\"567\" height=\"378\" src=\"http:\/\/193.194.89.203\/wp-content\/uploads\/2022\/06\/LMCCCO.jpg\" alt=\"\" class=\"wp-image-461 size-full\" srcset=\"https:\/\/fchimie.usthb.dz\/wp-content\/uploads\/2022\/06\/LMCCCO.jpg 567w, https:\/\/fchimie.usthb.dz\/wp-content\/uploads\/2022\/06\/LMCCCO-300x200.jpg 300w, https:\/\/fchimie.usthb.dz\/wp-content\/uploads\/2022\/06\/LMCCCO-480x320.jpg 480w\" sizes=\"(max-width: 567px) 100vw, 567px\" \/><\/figure><div class=\"wp-block-media-text__content\">\n<p><strong>Laboratoire des Mat\u00e9riaux Catalytique et Catalyse en Chimie Organique<\/strong><br><strong>Directrice<\/strong> : Prof. BOUKHOBZA MEDDOUR Laaldja<br><strong>Email&nbsp;<\/strong>         : <a rel=\"noreferrer noopener\" href=\"mailto:boukhobza_meddour@yahoo.fr\" target=\"_blank\">boukhobza_meddour@yahoo.fr<\/a><br><strong>Site web<\/strong>&nbsp;    :<a rel=\"noreferrer noopener\" href=\"https:\/\/lmccco.usthb.dz\/\" target=\"_blank\">&nbsp;<\/a><a rel=\"noreferrer noopener\" href=\"http:\/\/www.lmccco.usthb.dz\" target=\"_blank\">http:\/\/www.lmccco.usthb.dz<\/a><\/p>\n\n\n\n<p><\/p>\n<\/div><\/div>\n\n\n\n<div class=\"wp-block-media-text alignwide is-stacked-on-mobile\" style=\"grid-template-columns:30% auto\"><figure class=\"wp-block-media-text__media\"><img loading=\"lazy\" decoding=\"async\" width=\"1024\" height=\"679\" src=\"http:\/\/fchimie.usthb.dz\/wp-content\/uploads\/2024\/09\/lab-1-1024x679.jpg\" alt=\"\" class=\"wp-image-3153 size-full\" srcset=\"https:\/\/fchimie.usthb.dz\/wp-content\/uploads\/2024\/09\/lab-1-1024x679.jpg 1024w, https:\/\/fchimie.usthb.dz\/wp-content\/uploads\/2024\/09\/lab-1-300x199.jpg 300w, https:\/\/fchimie.usthb.dz\/wp-content\/uploads\/2024\/09\/lab-1-768x509.jpg 768w, https:\/\/fchimie.usthb.dz\/wp-content\/uploads\/2024\/09\/lab-1-1536x1018.jpg 1536w, https:\/\/fchimie.usthb.dz\/wp-content\/uploads\/2024\/09\/lab-1.jpg 1920w\" sizes=\"(max-width: 1024px) 100vw, 1024px\" \/><\/figure><div class=\"wp-block-media-text__content\">\n<p class=\"has-normal-font-size\"><strong>Laboratoire des Sciences des Mat\u00e9riaux et Proc\u00e9d\u00e9s Chimique<\/strong><br><strong>Directrice<\/strong> : Prof. BARAMA Siham<br><strong>Email&nbsp;<\/strong> : <a rel=\"noreferrer noopener\" href=\"mailto:boukhobza_meddour@yahoo.fr\" target=\"_blank\">siham barama@yahoo.com<\/a><br><strong>Site web<\/strong>&nbsp; :<a rel=\"noreferrer noopener\" href=\"https:\/\/lmccco.usthb.dz\/\" target=\"_blank\">&nbsp;<\/a><a rel=\"noreferrer noopener\" href=\"http:\/\/www.lmccco.usthb.dz\" target=\"_blank\">http:\/\/www.lsmpc.usthb.dz<\/a><\/p>\n<\/div><\/div>\n\n\n\n<h2 class=\"has-blue-color has-text-color has-normal-font-size wp-block-heading\" id=\"departement-de-chimie-physique-et-theorique\" style=\"text-transform:uppercase\"><strong>D\u00c9PARTEMENT DE CHIMIE PHYSIQUE ET TH\u00c9ORIQUE<\/strong><\/h2>\n\n\n\n<p><\/p>\n\n\n\n<div class=\"wp-block-media-text alignwide is-stacked-on-mobile\" style=\"grid-template-columns:30% auto\"><figure class=\"wp-block-media-text__media\"><img loading=\"lazy\" decoding=\"async\" width=\"567\" height=\"378\" src=\"http:\/\/193.194.89.203\/wp-content\/uploads\/2022\/06\/LVSER-1.jpg\" alt=\"\" class=\"wp-image-470 size-full\" srcset=\"https:\/\/fchimie.usthb.dz\/wp-content\/uploads\/2022\/06\/LVSER-1.jpg 567w, https:\/\/fchimie.usthb.dz\/wp-content\/uploads\/2022\/06\/LVSER-1-300x200.jpg 300w, https:\/\/fchimie.usthb.dz\/wp-content\/uploads\/2022\/06\/LVSER-1-480x320.jpg 480w\" sizes=\"(max-width: 567px) 100vw, 567px\" \/><\/figure><div class=\"wp-block-media-text__content\">\n<p><strong>Stockage et Valorisation des \u00e9nergies Renouvelables<\/strong><br><strong>Directeur <\/strong>:Prof. TRARI&nbsp;Mohamed&nbsp;<br><strong>Email <\/strong>:<a rel=\"noreferrer noopener\" href=\"mailto:mtrari.usthb@yahoo.fr\" target=\"_blank\">mtrari.usthb@yahoo.fr<\/a><br><strong>Site web<\/strong>&nbsp;:<a rel=\"noreferrer noopener\" href=\"https:\/\/fchimie.usthb.dz\/spip.php?article391\" target=\"_blank\">&nbsp;<\/a><a rel=\"noreferrer noopener\" href=\"https:\/\/lsver.usthb.dz\/\" target=\"_blank\">www.lsver.usthb.dz<\/a><\/p>\n<\/div><\/div>\n\n\n\n<div class=\"wp-block-media-text alignwide is-stacked-on-mobile\" style=\"grid-template-columns:30% auto\"><figure class=\"wp-block-media-text__media\"><img loading=\"lazy\" decoding=\"async\" width=\"567\" height=\"378\" src=\"http:\/\/193.194.89.203\/wp-content\/uploads\/2022\/06\/LTMM.jpg\" alt=\"\" class=\"wp-image-473 size-full\" srcset=\"https:\/\/fchimie.usthb.dz\/wp-content\/uploads\/2022\/06\/LTMM.jpg 567w, https:\/\/fchimie.usthb.dz\/wp-content\/uploads\/2022\/06\/LTMM-300x200.jpg 300w, https:\/\/fchimie.usthb.dz\/wp-content\/uploads\/2022\/06\/LTMM-480x320.jpg 480w\" sizes=\"(max-width: 567px) 100vw, 567px\" \/><\/figure><div class=\"wp-block-media-text__content\">\n<p><strong>Laboratoire de Thermodynamique et Mod\u00e9lisation Mol\u00e9culaires<\/strong><br><strong>Directrice <\/strong>:Prof. HAMMOUTENE Dalila&nbsp;<br><strong>Email&nbsp;<\/strong>: <a rel=\"noreferrer noopener\" href=\"mailto:dhammoutene@yahoo.fr\" target=\"_blank\">dhammoutene@yahoo.fr<\/a><br><strong>Site web<\/strong>&nbsp;:<a rel=\"noreferrer noopener\" href=\"https:\/\/ltmm.usthb.dz\/\" target=\"_blank\">&nbsp;www.ltmm.usthb.dz<\/a><\/p>\n<\/div><\/div>\n\n\n\n<div class=\"wp-block-media-text alignwide is-stacked-on-mobile\" style=\"grid-template-columns:30% auto\"><figure class=\"wp-block-media-text__media\"><img loading=\"lazy\" decoding=\"async\" width=\"567\" height=\"378\" src=\"http:\/\/193.194.89.203\/wp-content\/uploads\/2022\/06\/LCTCP.jpg\" alt=\"\" class=\"wp-image-476 size-full\" srcset=\"https:\/\/fchimie.usthb.dz\/wp-content\/uploads\/2022\/06\/LCTCP.jpg 567w, https:\/\/fchimie.usthb.dz\/wp-content\/uploads\/2022\/06\/LCTCP-300x200.jpg 300w, https:\/\/fchimie.usthb.dz\/wp-content\/uploads\/2022\/06\/LCTCP-480x320.jpg 480w\" sizes=\"(max-width: 567px) 100vw, 567px\" \/><\/figure><div class=\"wp-block-media-text__content\">\n<p><strong>Laboratoire de Chimie Th\u00e9orique Computationnelle et Photonique<br>Directeur <\/strong>:Prof. REKIS Maamar&nbsp;<br><strong>Email&nbsp;<\/strong>: <a href=\"mailto:maamar.rekhis@gmail.com\">maamar.rekhis@gmail.com<\/a><a rel=\"noreferrer noopener\" href=\"mailto:ouameralio@hotmail.fr\" target=\"_blank\"><\/a><br><strong>Site web<\/strong>&nbsp;:<a rel=\"noreferrer noopener\" href=\"https:\/\/www.ltmm.usthb.dz\/\" target=\"_blank\">&nbsp;www.lctcp.usthb.dz<\/a><\/p>\n<\/div><\/div>\n\n\n\n<div class=\"wp-block-media-text alignwide is-stacked-on-mobile\" style=\"grid-template-columns:30% auto\"><figure class=\"wp-block-media-text__media\"><img loading=\"lazy\" decoding=\"async\" width=\"567\" height=\"378\" src=\"http:\/\/193.194.89.203\/wp-content\/uploads\/2022\/06\/LPCTCI.jpg\" alt=\"\" class=\"wp-image-479 size-full\" srcset=\"https:\/\/fchimie.usthb.dz\/wp-content\/uploads\/2022\/06\/LPCTCI.jpg 567w, https:\/\/fchimie.usthb.dz\/wp-content\/uploads\/2022\/06\/LPCTCI-300x200.jpg 300w, https:\/\/fchimie.usthb.dz\/wp-content\/uploads\/2022\/06\/LPCTCI-480x320.jpg 480w\" sizes=\"(max-width: 567px) 100vw, 567px\" \/><\/figure><div class=\"wp-block-media-text__content\">\n<p><strong>Physico Chimie Th\u00e9orique et Chimie Informatique<\/strong><br><strong>Directrice <\/strong>: Dr ABTOUCHE Soraya&nbsp;<br><strong>Email&nbsp;<\/strong>: <a rel=\"noreferrer noopener\" href=\"mailto:safiakellou@gmail.com\" target=\"_blank\"><\/a><a rel=\"noreferrer noopener\" href=\"mailto:sabtouche@yahoo.fr\" target=\"_blank\">sabtouche@yahoo.fr<\/a><br><strong>Site web<\/strong>&nbsp;:<a rel=\"noreferrer noopener\" href=\"https:\/\/www.lpctci.usthb.dz\/\" target=\"_blank\">&nbsp;www.lpctci.usthb.dz<\/a><\/p>\n<\/div><\/div>\n\n\n\n<div class=\"wp-block-media-text alignwide is-stacked-on-mobile\" style=\"grid-template-columns:30% auto\"><figure class=\"wp-block-media-text__media\"><img loading=\"lazy\" decoding=\"async\" width=\"567\" height=\"378\" src=\"http:\/\/193.194.89.203\/wp-content\/uploads\/2022\/06\/LEPCMAE.jpg\" alt=\"\" class=\"wp-image-482 size-full\" srcset=\"https:\/\/fchimie.usthb.dz\/wp-content\/uploads\/2022\/06\/LEPCMAE.jpg 567w, https:\/\/fchimie.usthb.dz\/wp-content\/uploads\/2022\/06\/LEPCMAE-300x200.jpg 300w, https:\/\/fchimie.usthb.dz\/wp-content\/uploads\/2022\/06\/LEPCMAE-480x320.jpg 480w\" sizes=\"(max-width: 567px) 100vw, 567px\" \/><\/figure><div class=\"wp-block-media-text__content\">\n<p><strong>Etude Physico-Chimique des Mat\u00e9riaux et Application \u00e0 l\u2019Environnement<\/strong><br><strong>Directeur <\/strong>: Prof. BENTURKI Oumessad&nbsp;<br><strong>Email&nbsp;<\/strong>: <a rel=\"noreferrer noopener\" href=\"mailto:youcef.boucheffa@gmail.com\" target=\"_blank\"><\/a><a rel=\"noreferrer noopener\" href=\"mailto:obenturki2013@gmail.com\" target=\"_blank\">obenturki2013@gmail.com<\/a><br><strong>Site web<\/strong>&nbsp;:<a rel=\"noreferrer noopener\" href=\"https:\/\/www.lepcmae.usthb.dz\/\" target=\"_blank\">www.lepcmae.usthb.dz<\/a><\/p>\n<\/div><\/div>\n\n\n\n<div style=\"height:47px\" aria-hidden=\"true\" class=\"wp-block-spacer\"><\/div>\n\n\n\n<h2 class=\"has-blue-color has-text-color has-normal-font-size wp-block-heading\" id=\"departement-de-chimie-macromoleculaire\"><strong>D\u00c9PARTEMENT DE CHIMIE MACROMOL\u00c9CULAIRE<\/strong><\/h2>\n\n\n\n<p><\/p>\n\n\n\n<div class=\"wp-block-media-text alignwide is-stacked-on-mobile\" style=\"grid-template-columns:30% auto\"><figure class=\"wp-block-media-text__media\"><img loading=\"lazy\" decoding=\"async\" width=\"567\" height=\"378\" src=\"http:\/\/193.194.89.203\/wp-content\/uploads\/2022\/06\/LSMTOM.jpg\" alt=\"\" class=\"wp-image-488 size-full\" srcset=\"https:\/\/fchimie.usthb.dz\/wp-content\/uploads\/2022\/06\/LSMTOM.jpg 567w, https:\/\/fchimie.usthb.dz\/wp-content\/uploads\/2022\/06\/LSMTOM-300x200.jpg 300w, https:\/\/fchimie.usthb.dz\/wp-content\/uploads\/2022\/06\/LSMTOM-480x320.jpg 480w\" sizes=\"(max-width: 567px) 100vw, 567px\" \/><\/figure><div class=\"wp-block-media-text__content\">\n<p><strong>Laboratoire de Synth\u00e8se Macromol\u00e9culaire et Thio-organique Macromol\u00e9culaire<\/strong><br><strong>Directeur <\/strong>:Prof. BENABDELGHANI Zitouni&nbsp;<br><strong>Email&nbsp;<\/strong>: <a rel=\"noreferrer noopener\" href=\"mailto:lsmtm.usthb@gmail.com\" target=\"_blank\">lsmtm.usthb@gmail.com<\/a>&nbsp;<br><strong>Site web<\/strong>&nbsp;:<a rel=\"noreferrer noopener\" href=\"https:\/\/www.lsmtm.usthb.dz\/\" target=\"_blank\">www.lsmtm.usthb.dz<\/a><\/p>\n<\/div><\/div>\n\n\n\n<div class=\"wp-block-media-text alignwide is-stacked-on-mobile\" style=\"grid-template-columns:30% auto\"><figure class=\"wp-block-media-text__media\"><img loading=\"lazy\" decoding=\"async\" width=\"567\" height=\"378\" src=\"http:\/\/193.194.89.203\/wp-content\/uploads\/2022\/06\/LMP.jpg\" alt=\"\" class=\"wp-image-489 size-full\" srcset=\"https:\/\/fchimie.usthb.dz\/wp-content\/uploads\/2022\/06\/LMP.jpg 567w, https:\/\/fchimie.usthb.dz\/wp-content\/uploads\/2022\/06\/LMP-300x200.jpg 300w, https:\/\/fchimie.usthb.dz\/wp-content\/uploads\/2022\/06\/LMP-480x320.jpg 480w\" sizes=\"(max-width: 567px) 100vw, 567px\" \/><\/figure><div class=\"wp-block-media-text__content\">\n<p><strong>Laboratoire des Mat\u00e9riaux Polym\u00e8res<\/strong><br><strong>Directrice <\/strong>:Dr. AROUS ABDELLAOUI Naima<br><strong>Email <\/strong>: <a rel=\"noreferrer noopener\" href=\"mailto:naima_arous@yahoo.fr\" target=\"_blank\">naima_arous@yahoo.fr<\/a>&nbsp;<br><strong>Site web<\/strong>&nbsp;:<a rel=\"noreferrer noopener\" href=\"https:\/\/www.lmp.usthb.dz\/\" target=\"_blank\">&nbsp;www.lmp.usthb.dz<\/a><\/p>\n<\/div><\/div>\n\n\n\n<div style=\"height:48px\" aria-hidden=\"true\" class=\"wp-block-spacer\"><\/div>\n\n\n\n<h2 class=\"has-blue-color has-text-color has-normal-font-size wp-block-heading\" id=\"departement-de-chimie-et-physique-des-materiaux-inorganique\"><strong>D\u00c9PARTEMENT DE CHIMIE ET PHYSIQUE DES MAT\u00c9RIAUX INORGANIQUE<\/strong><\/h2>\n\n\n\n<div class=\"wp-block-media-text alignwide is-stacked-on-mobile\" style=\"grid-template-columns:30% auto\"><figure class=\"wp-block-media-text__media\"><img loading=\"lazy\" decoding=\"async\" width=\"567\" height=\"378\" src=\"http:\/\/193.194.89.203\/wp-content\/uploads\/2022\/06\/LCT.jpg\" alt=\"\" class=\"wp-image-492 size-full\" srcset=\"https:\/\/fchimie.usthb.dz\/wp-content\/uploads\/2022\/06\/LCT.jpg 567w, https:\/\/fchimie.usthb.dz\/wp-content\/uploads\/2022\/06\/LCT-300x200.jpg 300w, https:\/\/fchimie.usthb.dz\/wp-content\/uploads\/2022\/06\/LCT-480x320.jpg 480w\" sizes=\"(max-width: 567px) 100vw, 567px\" \/><\/figure><div class=\"wp-block-media-text__content\">\n<p><strong>Cristallographie et Thermodynamique<\/strong><br><strong>Directeur <\/strong>:Prof. DAHMANI Aomar<br><strong>Email<\/strong>: <a rel=\"noreferrer noopener\" href=\"mailto:odahmani@usthb.dz\" target=\"_blank\">odahmani@usthb.dz<\/a>&nbsp;<br><strong>Site web<\/strong>&nbsp;:<a rel=\"noreferrer noopener\" href=\"https:\/\/www.lct.usthb.dz\/\" target=\"_blank\">&nbsp;www.lct.usthb.dz<\/a><\/p>\n<\/div><\/div>\n\n\n\n<div class=\"wp-block-media-text alignwide is-stacked-on-mobile\" style=\"grid-template-columns:30% auto\"><figure class=\"wp-block-media-text__media\"><img loading=\"lazy\" decoding=\"async\" width=\"567\" height=\"378\" src=\"http:\/\/193.194.89.203\/wp-content\/uploads\/2022\/06\/LHCIM.jpg\" alt=\"\" class=\"wp-image-495 size-full\" srcset=\"https:\/\/fchimie.usthb.dz\/wp-content\/uploads\/2022\/06\/LHCIM.jpg 567w, https:\/\/fchimie.usthb.dz\/wp-content\/uploads\/2022\/06\/LHCIM-300x200.jpg 300w, https:\/\/fchimie.usthb.dz\/wp-content\/uploads\/2022\/06\/LHCIM-480x320.jpg 480w\" sizes=\"(max-width: 567px) 100vw, 567px\" \/><\/figure><div class=\"wp-block-media-text__content\">\n<p><strong>Hydrom\u00e9tallurgie et Chimie Inorganique Mol\u00e9culaire<\/strong><br><strong>Directeur <\/strong>:Prof. BOULAKRDECHE Mohamed Walid<br><strong>Email&nbsp;<\/strong>: <a rel=\"noreferrer noopener\" href=\"mailto:omararous@yahoo.fr\" target=\"_blank\">bmwalid2006@yahoo.fr<\/a>&nbsp;<br><strong>Site web<\/strong>&nbsp;:<a rel=\"noreferrer noopener\" href=\"https:\/\/lhcim.usthb.dz\/\" target=\"_blank\">&nbsp;www.lhcim.usthb.dz<\/a><\/p>\n<\/div><\/div>\n\n\n\n<div class=\"wp-block-media-text alignwide is-stacked-on-mobile\" style=\"grid-template-columns:30% auto\"><figure class=\"wp-block-media-text__media\"><img loading=\"lazy\" decoding=\"async\" width=\"567\" height=\"378\" src=\"http:\/\/193.194.89.203\/wp-content\/uploads\/2022\/06\/LECMCM.jpg\" alt=\"\" class=\"wp-image-498 size-full\" srcset=\"https:\/\/fchimie.usthb.dz\/wp-content\/uploads\/2022\/06\/LECMCM.jpg 567w, https:\/\/fchimie.usthb.dz\/wp-content\/uploads\/2022\/06\/LECMCM-300x200.jpg 300w, https:\/\/fchimie.usthb.dz\/wp-content\/uploads\/2022\/06\/LECMCM-480x320.jpg 480w\" sizes=\"(max-width: 567px) 100vw, 567px\" \/><\/figure><div class=\"wp-block-media-text__content\">\n<p><strong>Laboratoire d\u2019\u00c9lectrochimie, Corrosion, M\u00e9tallurgie et Chimie Min\u00e9rale<\/strong><br><strong>Directrice <\/strong>: Prof AMARA Adnane Leila<br><strong>Email&nbsp;<\/strong>: <a rel=\"noreferrer noopener\" href=\"mailto:haghoualem@yahoo.fr\" target=\"_blank\">leila.adnane@gmail.com<\/a><br><strong>Site we<\/strong>b&nbsp;:&nbsp;<a rel=\"noreferrer noopener\" href=\"https:\/\/lecmcm.usthb.dz\/\" target=\"_blank\">www.lecmcm.usthb.dz<\/a><\/p>\n<\/div><\/div>\n\n\n\n<div class=\"wp-block-media-text alignwide is-stacked-on-mobile\" style=\"grid-template-columns:30% auto\"><figure class=\"wp-block-media-text__media\"><img loading=\"lazy\" decoding=\"async\" width=\"567\" height=\"378\" src=\"http:\/\/193.194.89.203\/wp-content\/uploads\/2022\/06\/LSM.jpg\" alt=\"\" class=\"wp-image-499 size-full\" srcset=\"https:\/\/fchimie.usthb.dz\/wp-content\/uploads\/2022\/06\/LSM.jpg 567w, https:\/\/fchimie.usthb.dz\/wp-content\/uploads\/2022\/06\/LSM-300x200.jpg 300w, https:\/\/fchimie.usthb.dz\/wp-content\/uploads\/2022\/06\/LSM-480x320.jpg 480w\" sizes=\"(max-width: 567px) 100vw, 567px\" \/><\/figure><div class=\"wp-block-media-text__content\">\n<p><strong>Laboratoire des Sciences des Mat\u00e9riaux<\/strong><br><strong>Directeur <\/strong>:Prof. MEZAOUI&nbsp;Djilali<br><strong>Email&nbsp;<\/strong>: <a rel=\"noreferrer noopener\" href=\"mailto:mezaoui_dji@yahoo.fr\" target=\"_blank\">mezaoui_dji@yahoo.fr<\/a><br><strong>Site web<\/strong>&nbsp;:<a rel=\"noreferrer noopener\" href=\"https:\/\/lsm.usthb.dz\/\" target=\"_blank\">&nbsp;www.lsm.usthb.dz<\/a><\/p>\n<\/div><\/div>\n","protected":false},"excerpt":{"rendered":"<p>D\u00c9PARTEMENT DE CHIMIE ORGANIQUE APPLIQU\u00c9E Laboratoire d\u2019analyse Organique FonctionnelleDirecteur : Prof. BENKACI ALI FaridEmail : benkaciaf@yahoo.frSite web &nbsp;:&nbsp;www.laof.usthb.dz Laboratoire de <span class=\"readmore\"><a href=\"https:\/\/fchimie.usthb.dz\/index.php\/laboratoires-de-recherche\/\">Suite<\/a><\/span><\/p>\n","protected":false},"author":2,"featured_media":0,"parent":0,"menu_order":0,"comment_status":"closed","ping_status":"closed","template":"","meta":{"footnotes":""},"class_list":["post-167","page","type-page","status-publish","hentry"],"_links":{"self":[{"href":"https:\/\/fchimie.usthb.dz\/index.php\/wp-json\/wp\/v2\/pages\/167"}],"collection":[{"href":"https:\/\/fchimie.usthb.dz\/index.php\/wp-json\/wp\/v2\/pages"}],"about":[{"href":"https:\/\/fchimie.usthb.dz\/index.php\/wp-json\/wp\/v2\/types\/page"}],"author":[{"embeddable":true,"href":"https:\/\/fchimie.usthb.dz\/index.php\/wp-json\/wp\/v2\/users\/2"}],"replies":[{"embeddable":true,"href":"https:\/\/fchimie.usthb.dz\/index.php\/wp-json\/wp\/v2\/comments?post=167"}],"version-history":[{"count":39,"href":"https:\/\/fchimie.usthb.dz\/index.php\/wp-json\/wp\/v2\/pages\/167\/revisions"}],"predecessor-version":[{"id":3154,"href":"https:\/\/fchimie.usthb.dz\/index.php\/wp-json\/wp\/v2\/pages\/167\/revisions\/3154"}],"wp:attachment":[{"href":"https:\/\/fchimie.usthb.dz\/index.php\/wp-json\/wp\/v2\/media?parent=167"}],"curies":[{"name":"wp","href":"https:\/\/api.w.org\/{rel}","templated":true}]}}