{"id":1764,"date":"2022-10-30T21:02:52","date_gmt":"2022-10-30T21:02:52","guid":{"rendered":"https:\/\/fchimie.usthb.dz\/?page_id=1764"},"modified":"2025-06-02T10:11:28","modified_gmt":"2025-06-02T10:11:28","slug":"appels-doffres","status":"publish","type":"page","link":"https:\/\/fchimie.usthb.dz\/index.php\/appels-doffres\/","title":{"rendered":"Appels d&#8217;offres"},"content":{"rendered":"\n<div class=\"wp-block-group\"><div class=\"wp-block-group__inner-container is-layout-flow wp-block-group-is-layout-flow\"><\/div><\/div>\n\n\n\n<div class=\"wp-block-file\"><a id=\"wp-block-file--media-b6cb0cc5-67f4-444f-a91e-ebb653bba939\" href=\"http:\/\/fchimie.usthb.dz\/wp-content\/uploads\/2022\/10\/CCF30102022.pdf\">1<strong>-Consultation N\u00b005\/2022 Relative \u00e0 l\u2019Acquisition  de Mat\u00e9riels et \u00c9quipements + Mobiliers<\/strong><\/a><a href=\"http:\/\/fchimie.usthb.dz\/wp-content\/uploads\/2022\/10\/CCF30102022.pdf\" class=\"wp-block-file__button wp-element-button\" download aria-describedby=\"wp-block-file--media-b6cb0cc5-67f4-444f-a91e-ebb653bba939\">Download<\/a><\/div>\n\n\n\n<div class=\"wp-block-file\"><a id=\"wp-block-file--media-97889b12-7421-4def-b5cc-74969b61274c\" href=\"http:\/\/fchimie.usthb.dz\/wp-content\/uploads\/2022\/11\/Consultation-N\u00b07-2022.pdf\"><strong>\u0627\u0639\u0644\u0627\u0646 \u0639\u0646 \u0627\u0633\u062a\u0634\u0627\u0631\u0629 \u0631\u0642\u064507\/ 2022 \u0627\u0644\u062e\u0627\u0635\u0629 \u0628\u0627\u0642\u062a\u0646\u0627\u0621 \u062a\u0630\u0627\u0643\u0631 \u0627\u0644\u0633\u0641\u0631 \u0627\u0644\u062e\u0627\u0635\u0629 \u0628\u0645\u0635\u0627\u0631\u064a\u0641 \u062a\u062f\u0631\u064a\u0628 \u0648 \u062a\u062d\u0633\u064a\u0646 \u0627\u0644\u0645\u0633\u062a\u0648\u0649 \u0628\u0627\u0644\u062e\u0627\u0631\u062c<\/strong> <strong>&#8211;<\/strong>2<\/a><a href=\"http:\/\/fchimie.usthb.dz\/wp-content\/uploads\/2022\/11\/Consultation-N\u00b07-2022.pdf\" class=\"wp-block-file__button wp-element-button\" download aria-describedby=\"wp-block-file--media-97889b12-7421-4def-b5cc-74969b61274c\">Download<\/a><\/div>\n\n\n\n<div class=\"wp-block-file\"><a id=\"wp-block-file--media-912ffeeb-ebcc-4af6-bd84-8be86662c79a\" href=\"http:\/\/fchimie.usthb.dz\/wp-content\/uploads\/2023\/02\/\u062d\u0631\u0627\u0633\u06292_page-0002.jpg\"><strong>\u0627\u0639\u0644\u0627\u0646 \u0639\u0646 \u0627\u0633\u062a\u0634\u0627\u0631\u0629 \u0631\u0642\u0645 01\/\u0643\/\u0643\/2023 \u0641\u064a \u0625\u0637\u0627\u0631 \u0627\u0644\u0625\u062c\u0631\u0627\u0621\u0627\u062a \u0627\u0644\u0645\u0643\u064a\u0641\u0629 \u0642\u0635\u062f \u062e\u062f\u0645\u0627\u062a \u0627\u0644\u062d\u0631\u0627\u0633\u0629 \u0648\u0627\u0644\u0623\u0645\u0646 \u0644\u0641\u0627\u0626\u062f\u0629 \u0643\u0644\u064a\u0629 \u0627\u0644\u0643\u0645\u064a\u0627<\/strong>\u0621-3<\/a><a href=\"http:\/\/fchimie.usthb.dz\/wp-content\/uploads\/2023\/02\/\u062d\u0631\u0627\u0633\u06292_page-0002.jpg\" class=\"wp-block-file__button wp-element-button\" download aria-describedby=\"wp-block-file--media-912ffeeb-ebcc-4af6-bd84-8be86662c79a\">Download<\/a><\/div>\n\n\n\n<div class=\"wp-block-file\"><a id=\"wp-block-file--media-57c26e15-2b6f-4532-ae55-bd77fee4fe5d\" href=\"http:\/\/fchimie.usthb.dz\/wp-content\/uploads\/2023\/05\/consul2._page-00.pdf\">4-<strong>Consultation <strong>N\u00b0<\/strong>02\/2023 \u00abNettoyage G\u00e9n\u00e9ral du Sous-sol de la Facult\u00e9 de Chimie\u00bb<\/strong><\/a><a href=\"http:\/\/fchimie.usthb.dz\/wp-content\/uploads\/2023\/05\/consul2._page-00.pdf\" class=\"wp-block-file__button wp-element-button\" download aria-describedby=\"wp-block-file--media-57c26e15-2b6f-4532-ae55-bd77fee4fe5d\">Download<\/a><\/div>\n\n\n\n<div class=\"wp-block-file\"><a id=\"wp-block-file--media-791d2f93-4b72-4604-bd47-d46826225af2\" href=\"http:\/\/fchimie.usthb.dz\/wp-content\/uploads\/2023\/05\/consul3._page-0.pdf\">5-<strong>Consultation <strong>N\u00b0<\/strong>03\/2023 \u00abAcquisition de Mat\u00e9riel<\/strong>s<strong> et \u00c9quipements +Rev\u00eatement pour la POST GRADUATION\u00bb<\/strong><\/a><a href=\"http:\/\/fchimie.usthb.dz\/wp-content\/uploads\/2023\/05\/consul3._page-0.pdf\" class=\"wp-block-file__button wp-element-button\" download aria-describedby=\"wp-block-file--media-791d2f93-4b72-4604-bd47-d46826225af2\">Download<\/a><\/div>\n\n\n\n<div class=\"wp-block-file\"><a id=\"wp-block-file--media-5c676774-9d56-4bbc-8713-73a68b9c90d5\" href=\"http:\/\/fchimie.usthb.dz\/wp-content\/uploads\/2023\/05\/TRA.pdf\">6-<strong>Consultation <strong>N\u00b0<\/strong>04\/2023 \u00abAcquisition des Travaux\u00bb<\/strong><\/a><a href=\"http:\/\/fchimie.usthb.dz\/wp-content\/uploads\/2023\/05\/TRA.pdf\" class=\"wp-block-file__button wp-element-button\" download aria-describedby=\"wp-block-file--media-5c676774-9d56-4bbc-8713-73a68b9c90d5\">Download<\/a><\/div>\n\n\n\n<div class=\"wp-block-file\"><a id=\"wp-block-file--media-ea518366-603c-4c63-9003-5f80f965d386\" href=\"http:\/\/fchimie.usthb.dz\/wp-content\/uploads\/2023\/10\/\u0627\u0633\u062a\u0634\u0627\u0631\u0629-\u0627\u0644\u0627\u0637\u0639\u0627\u0645.pdf\"><strong>\u0627\u0633\u062a\u0634\u0627\u0631\u0629  \u0631\u0642\u0645  04 (\u0623) 2023 \u062e\u0627\u0635\u0629 \u0628\u0645\u0635\u0627\u0631\u064a\u0641 \u0627\u0644\u0627\u0637\u0639\u0627\u0645 \u0644\u062a\u0646\u0638\u064a\u0645 \u0627\u0644\u062a\u0638\u0627\u0647\u0631\u0627\u062a \u0627\u0644\u0639\u0644\u0645\u064a\u0629 \u0648 \u0627\u0644\u062a\u0642\u0646\u064a\u0629<\/strong>-7<\/a><a href=\"http:\/\/fchimie.usthb.dz\/wp-content\/uploads\/2023\/10\/\u0627\u0633\u062a\u0634\u0627\u0631\u0629-\u0627\u0644\u0627\u0637\u0639\u0627\u0645.pdf\" class=\"wp-block-file__button wp-element-button\" download aria-describedby=\"wp-block-file--media-ea518366-603c-4c63-9003-5f80f965d386\">Download<\/a><\/div>\n\n\n\n<div class=\"wp-block-file\"><a id=\"wp-block-file--media-e1f40e60-055a-418e-9eac-1f359d16681f\" href=\"http:\/\/fchimie.usthb.dz\/wp-content\/uploads\/2023\/10\/Consultation-05-2023.pdf\">8-<strong>Consultation N\u00b005\/2023 Acquisition de mat\u00e9riel p\u00e9dagogique et fournitures des LABOS de TP et de recherche<\/strong><\/a><a href=\"http:\/\/fchimie.usthb.dz\/wp-content\/uploads\/2023\/10\/Consultation-05-2023.pdf\" class=\"wp-block-file__button wp-element-button\" download aria-describedby=\"wp-block-file--media-e1f40e60-055a-418e-9eac-1f359d16681f\">Download<\/a><\/div>\n\n\n\n<div class=\"wp-block-file\"><a id=\"wp-block-file--media-69fe717f-4593-480c-9385-fb274a6f3682\" href=\"http:\/\/fchimie.usthb.dz\/wp-content\/uploads\/2023\/09\/\u0627\u0633\u062a\u0634\u0627\u0631\u0629-\u062a\u0630\u0627\u0643\u0631.pdf\"><strong>\u0627\u0639\u0644\u0627\u0646 \u0639\u0646 \u0627\u0633\u062a\u0634\u0627\u0631\u0629 \u0631\u0642\u064506\/ 2023 \u0627\u0644\u062e\u0627\u0635\u0629 \u0628\u0627\u0642\u062a\u0646\u0627\u0621 \u062a\u0630\u0627\u0643\u0631 \u0627\u0644\u0633\u0641\u0631 \u0627\u0644\u062e\u0627\u0635\u0629 \u0628\u0645\u0635\u0627\u0631\u064a\u0641 \u062a\u062f\u0631\u064a\u0628 \u0648 \u062a\u062d\u0633\u064a\u0646<\/strong><strong> \u0627\u0644\u0645\u0633\u062a\u0648\u0649 \u0628\u0627\u0644\u062e\u0627\u0631\u062c<\/strong>-9<\/a><a href=\"http:\/\/fchimie.usthb.dz\/wp-content\/uploads\/2023\/09\/\u0627\u0633\u062a\u0634\u0627\u0631\u0629-\u062a\u0630\u0627\u0643\u0631.pdf\" class=\"wp-block-file__button wp-element-button\" download aria-describedby=\"wp-block-file--media-69fe717f-4593-480c-9385-fb274a6f3682\">Download<\/a><\/div>\n\n\n\n<div class=\"wp-block-file\"><a id=\"wp-block-file--media-aaba0beb-1867-40ea-8fd6-a998f82d07cd\" href=\"http:\/\/fchimie.usthb.dz\/wp-content\/uploads\/2023\/10\/001-scaled.jpg\">10-<strong>Consultation N\u00b007\/2023 Acquisition des Produits Chimiques<\/strong><\/a><a href=\"http:\/\/fchimie.usthb.dz\/wp-content\/uploads\/2023\/10\/001-scaled.jpg\" class=\"wp-block-file__button wp-element-button\" download aria-describedby=\"wp-block-file--media-aaba0beb-1867-40ea-8fd6-a998f82d07cd\">Download<\/a><\/div>\n\n\n\n<div class=\"wp-block-file\"><a id=\"wp-block-file--media-ccdbed0c-3b6b-4fe2-9ee0-7221cd00b5d0\" href=\"http:\/\/fchimie.usthb.dz\/wp-content\/uploads\/2023\/11\/Consultation_008.pdf\">11-<strong>Consultation <strong>N\u00b0<\/strong>08\/2023 Acquisition des travaux<\/strong><\/a><a href=\"http:\/\/fchimie.usthb.dz\/wp-content\/uploads\/2023\/11\/Consultation_008.pdf\" class=\"wp-block-file__button wp-element-button\" download aria-describedby=\"wp-block-file--media-ccdbed0c-3b6b-4fe2-9ee0-7221cd00b5d0\">Download<\/a><\/div>\n\n\n\n<div class=\"wp-block-file\"><a id=\"wp-block-file--media-cf4decae-5b1d-41d2-b905-f34d79ae0320\" href=\"http:\/\/fchimie.usthb.dz\/wp-content\/uploads\/2023\/12\/Consultation-N-9-2023.pdf\">12-<strong>Consultation N\u00b009\/ 2023 Acquisition de Mat\u00e9riels et Mobiliers P\u00e9dagogiques<\/strong><\/a><a href=\"http:\/\/fchimie.usthb.dz\/wp-content\/uploads\/2023\/12\/Consultation-N-9-2023.pdf\" class=\"wp-block-file__button wp-element-button\" download aria-describedby=\"wp-block-file--media-cf4decae-5b1d-41d2-b905-f34d79ae0320\">Download<\/a><\/div>\n\n\n\n<div class=\"wp-block-file\"><a id=\"wp-block-file--media-3cc2cb24-2174-428d-9eba-848b3e1f7238\" href=\"http:\/\/fchimie.usthb.dz\/wp-content\/uploads\/2024\/04\/consult-agent-secur.pdf\"><strong> \u0627\u0639\u0644\u0627\u0646  \u0639\u0646 \u0627\u0633\u062a\u0634\u0627\u0631\u0629 \u0631\u0642\u0645 01\/\u0643\/\u0643\/2024 \u0641\u064a \u0625\u0637\u0627\u0631 \u0627\u0644\u0625\u062c\u0631\u0627\u0621\u0627\u062a \u0627\u0644\u0645\u0643\u064a\u0641\u0629 \u0642\u0635\u062f \u062e\u062f\u0645\u0627\u062a \u0627\u0644\u062d\u0631\u0627\u0633\u0629 \u0648\u0627\u0644\u0623\u0645\u0646 \u0644\u0641\u0627\u0626\u062f\u0629 \u0643\u0644\u064a\u0629 \u0627\u0644\u0643\u0645\u064a\u0627\u0621<\/strong> -13 <\/a><a href=\"http:\/\/fchimie.usthb.dz\/wp-content\/uploads\/2024\/04\/consult-agent-secur.pdf\" class=\"wp-block-file__button wp-element-button\" download aria-describedby=\"wp-block-file--media-3cc2cb24-2174-428d-9eba-848b3e1f7238\">Download<\/a><\/div>\n\n\n\n<div class=\"wp-block-file\"><a id=\"wp-block-file--media-bef40c47-6a20-4251-b201-0aa16dda8acc\" href=\"http:\/\/fchimie.usthb.dz\/wp-content\/uploads\/2024\/04\/consult-renov-inter.pdf\">14-<strong>Consultation N\u00b002\/2024 Acquisition des travaux de R\u00e9novation Int\u00e9rieur<\/strong> <\/a><a href=\"http:\/\/fchimie.usthb.dz\/wp-content\/uploads\/2024\/04\/consult-renov-inter.pdf\" class=\"wp-block-file__button wp-element-button\" download aria-describedby=\"wp-block-file--media-bef40c47-6a20-4251-b201-0aa16dda8acc\">Download<\/a><\/div>\n\n\n\n<div class=\"wp-block-file\"><a id=\"wp-block-file--media-ea200bee-f5e5-4c78-8c93-c3bfc39d9468\" href=\"http:\/\/fchimie.usthb.dz\/wp-content\/uploads\/2024\/05\/consultation-03-2024.pdf\">15-<strong>Consultation restreinte N\u00b003\/2024 pour entretien des espaces verts (am\u00e9nagement jardin du bloc chimie)<\/strong>   <\/a><a href=\"http:\/\/fchimie.usthb.dz\/wp-content\/uploads\/2024\/05\/consultation-03-2024.pdf\" class=\"wp-block-file__button wp-element-button\" download aria-describedby=\"wp-block-file--media-ea200bee-f5e5-4c78-8c93-c3bfc39d9468\">Download<\/a><\/div>\n\n\n\n<div class=\"wp-block-file\"><a id=\"wp-block-file--media-094d3def-0064-4eb3-83d2-3382699d6be6\" href=\"http:\/\/fchimie.usthb.dz\/wp-content\/uploads\/2024\/05\/consultation-04-2024.pdf\">16-<strong>Consultation restreinte N\u00b004\/2024 pour r\u00e9novation des LABOS, cr\u00e9ation sanitaire et une salle, \u00e9clairages rez de chauss\u00e9e et r\u00e9novations sanitaires   <\/strong><\/a><a href=\"http:\/\/fchimie.usthb.dz\/wp-content\/uploads\/2024\/05\/consultation-04-2024.pdf\" class=\"wp-block-file__button wp-element-button\" download aria-describedby=\"wp-block-file--media-094d3def-0064-4eb3-83d2-3382699d6be6\">Download<\/a><\/div>\n\n\n\n<p><\/p>\n\n\n\n<div class=\"wp-block-file\"><a id=\"wp-block-file--media-85a4190d-a28a-4d30-9b14-f42819f4ad54\" href=\"http:\/\/fchimie.usthb.dz\/wp-content\/uploads\/2024\/06\/consultation-05.2024_001.pdf\">17<strong>-Consultation N\u00b005.2024<\/strong> <strong>acquisition d<\/strong>e<strong> mat\u00e9riel p\u00e9dagogique et fournitures des LABOS de TP et STARTUP<\/strong><\/a><a href=\"http:\/\/fchimie.usthb.dz\/wp-content\/uploads\/2024\/06\/consultation-05.2024_001.pdf\" class=\"wp-block-file__button wp-element-button\" download aria-describedby=\"wp-block-file--media-85a4190d-a28a-4d30-9b14-f42819f4ad54\">Download<\/a><\/div>\n\n\n\n<div class=\"wp-block-file\"><a id=\"wp-block-file--media-556829c6-1896-4d90-b8b3-0545ef13ad3c\" href=\"http:\/\/fchimie.usthb.dz\/wp-content\/uploads\/2024\/06\/consultation-06.2024_001.pdf\">18<strong>-Consultation N\u00b006.2024 acquisition des produits chimiques<\/strong><\/a><a href=\"http:\/\/fchimie.usthb.dz\/wp-content\/uploads\/2024\/06\/consultation-06.2024_001.pdf\" class=\"wp-block-file__button wp-element-button\" download aria-describedby=\"wp-block-file--media-556829c6-1896-4d90-b8b3-0545ef13ad3c\">Download<\/a><\/div>\n\n\n\n<div class=\"wp-block-file\"><a id=\"wp-block-file--media-1d755a43-8c6e-4890-a13d-33a3ff1b1939\" href=\"http:\/\/fchimie.usthb.dz\/wp-content\/uploads\/2024\/10\/consultation-7-2024.pdf\"><strong>\u0627\u0639\u0644\u0627\u0646  \u0639\u0646 \u0627\u0633\u062a\u0634\u0627\u0631\u0629 \u0631\u0642\u0645 07-2024 \u0635\u064a\u0627\u0646\u0629 \u0648\u062a\u0635\u0644\u064a\u062d \u0627\u0644\u0639\u062a\u0627\u062f \u0648\u0627\u0644\u0623\u062c\u0647\u0632\u0629 \u0627\u0644\u0639\u0644\u0645\u064a\u0629 <\/strong> -19<\/a><a href=\"http:\/\/fchimie.usthb.dz\/wp-content\/uploads\/2024\/10\/consultation-7-2024.pdf\" class=\"wp-block-file__button wp-element-button\" download aria-describedby=\"wp-block-file--media-1d755a43-8c6e-4890-a13d-33a3ff1b1939\">Download<\/a><\/div>\n\n\n\n<div class=\"wp-block-file\"><a id=\"wp-block-file--media-b817f286-01bf-484d-9f12-81f88bc5beda\" href=\"http:\/\/fchimie.usthb.dz\/wp-content\/uploads\/2024\/07\/\u0627\u0633\u062a\u0634\u0627\u0631\u0629-\u062a\u0630\u0627\u0643\u0631-\u0633\u0641\u0631-08.pdf\"><strong>\u0627\u0639\u0644\u0627\u0646  \u0639\u0646 \u0627\u0633\u062a\u0634\u0627\u0631\u0629 \u0631\u0642\u0645 2024\/08  \u0625\u0642\u062a\u0646\u0627\u0621 \u062a\u0630\u0627\u0643<\/strong>\u0631<strong> \u0627\u0644\u0633\u0641\u0631-<\/strong>20<strong> <\/strong><\/a><a href=\"http:\/\/fchimie.usthb.dz\/wp-content\/uploads\/2024\/07\/\u0627\u0633\u062a\u0634\u0627\u0631\u0629-\u062a\u0630\u0627\u0643\u0631-\u0633\u0641\u0631-08.pdf\" class=\"wp-block-file__button wp-element-button\" download aria-describedby=\"wp-block-file--media-b817f286-01bf-484d-9f12-81f88bc5beda\">Download<\/a><\/div>\n\n\n\n<div class=\"wp-block-file\"><a id=\"wp-block-file--media-a60b0293-3d46-4ca4-8fc5-9d98be5423ec\" href=\"http:\/\/fchimie.usthb.dz\/wp-content\/uploads\/2024\/10\/consultation-00915102024102652.pdf\">21-<strong>Consultation N\u00b0 09.2024 nettoyage g\u00e9n\u00e9ral des LABOS TP dans la facult\u00e9 de chimie<\/strong><\/a><a href=\"http:\/\/fchimie.usthb.dz\/wp-content\/uploads\/2024\/10\/consultation-00915102024102652.pdf\" class=\"wp-block-file__button wp-element-button\" download aria-describedby=\"wp-block-file--media-a60b0293-3d46-4ca4-8fc5-9d98be5423ec\">Download<\/a><\/div>\n\n\n\n<p><\/p>\n\n\n\n<div class=\"wp-block-file\"><a id=\"wp-block-file--media-8431dd15-dd92-47cf-921d-3926728bdef5\" href=\"http:\/\/fchimie.usthb.dz\/wp-content\/uploads\/2024\/12\/appel-offre-N1016122024121236.pdf\">22-<strong>Avis de consultation N\u00b0 10-2024<\/strong> <strong>acquisition d<\/strong>e<strong> mat\u00e9riel informatique et mobilier p\u00e9dagogique<\/strong><\/a><a href=\"http:\/\/fchimie.usthb.dz\/wp-content\/uploads\/2024\/12\/appel-offre-N1016122024121236.pdf\" class=\"wp-block-file__button wp-element-button\" download aria-describedby=\"wp-block-file--media-8431dd15-dd92-47cf-921d-3926728bdef5\">Download<\/a><\/div>\n\n\n\n<div class=\"wp-block-file\"><a id=\"wp-block-file--media-722511ac-9a62-4804-875c-124467e9a846\" href=\"http:\/\/fchimie.usthb.dz\/wp-content\/uploads\/2025\/01\/appel-doffre-11A_001.pdf\">23-<strong>Consultation N\u00b0 11A -2024 d\u00e9penses de fonction li\u00e9es \u00e0 la recherche scientifique<\/strong><\/a><a href=\"http:\/\/fchimie.usthb.dz\/wp-content\/uploads\/2025\/01\/appel-doffre-11A_001.pdf\" class=\"wp-block-file__button wp-element-button\" download aria-describedby=\"wp-block-file--media-722511ac-9a62-4804-875c-124467e9a846\">Download<\/a><\/div>\n\n\n\n<p><\/p>\n\n\n\n<div class=\"wp-block-file\"><a id=\"wp-block-file--media-90cba50a-0ec5-450d-ae7b-421314272be2\" href=\"http:\/\/fchimie.usthb.dz\/wp-content\/uploads\/2025\/02\/DOC-20250210-WA0003_250210_161238.pdf\">24-<strong> Avis de Consultation 12\/2024 (Acquisition Mat\u00e9riel et \u00e9quipement + mobilier pour la post Graduation)<\/strong><\/a><a href=\"http:\/\/fchimie.usthb.dz\/wp-content\/uploads\/2025\/02\/DOC-20250210-WA0003_250210_161238.pdf\" class=\"wp-block-file__button wp-element-button\" download aria-describedby=\"wp-block-file--media-90cba50a-0ec5-450d-ae7b-421314272be2\">Download<\/a><\/div>\n\n\n\n<div class=\"wp-block-file\"><a id=\"wp-block-file--media-4a273fba-933a-4ec6-be6d-1fea1b133541\" href=\"http:\/\/fchimie.usthb.dz\/wp-content\/uploads\/2024\/12\/consultation-13.pdf\"><strong>\u0627\u0639\u0644\u0627\u0646  \u0639\u0646 \u0627\u0633\u062a\u0634\u0627\u0631\u0629 \u0631\u0642\u0645 13 -2024 \u0645\u0635\u0627\u0631\u064a\u0641 \u0627\u0644\u062a\u0633\u064a\u064a\u0631 \u0627\u0644\u0645\u062a\u0639\u0644\u0642\u0629 \u0628\u0627\u0644\u0628\u062d\u062b \u0627\u0644\u0639\u0644\u0645\u064a \u0648 \u0627\u0644\u062a\u0637\u0648\u064a\u0631 \u0627\u0644\u062a\u0643\u0646\u0648\u0644\u0648\u062c\u064a-25<\/strong><\/a><a href=\"http:\/\/fchimie.usthb.dz\/wp-content\/uploads\/2024\/12\/consultation-13.pdf\" class=\"wp-block-file__button wp-element-button\" download aria-describedby=\"wp-block-file--media-4a273fba-933a-4ec6-be6d-1fea1b133541\">Download<\/a><\/div>\n\n\n\n<p><\/p>\n\n\n\n<p><\/p>\n\n\n\n<p class=\"has-text-align-left\">\u0627\u0644\u0623\u0645\u064a\u0646 (\u0629) \u0627\u0644\u0639\u0627\u0645 \u0644\u0644\u0643\u0644\u064a\u0629 \u0627\u0644\u0633\u064a\u062f\u0629 : \u062f\u0645\u0627\u0634 \u0633\u0627\u0631\u0629&nbsp;<\/p>\n\n\n\n<p class=\"has-text-align-left\">&nbsp;\u0627\u0644\u0645\u0627\u062f\u0629 :08 \u0645\u0646 \u0627\u0644\u0645\u0631\u0633\u0648\u0645 \u0627\u0644\u062a\u0646\u0641\u064a\u0630\u064a \u0631\u0642\u0645:03-279 \u0627\u0644\u0645\u0624\u0631\u062e \u0641\u064a 24 \u062c\u0645\u0627\u062f\u064a \u0627\u0644\u062b\u0627\u0646\u064a\u0629 \u0639\u0627\u0645<\/p>\n\n\n\n<p class=\"has-text-align-left\">1424 \u0627\u0644\u0645\u0648\u0627\u0641\u0642 \u0644\u0640:23 \u063a\u0634\u062a 2003 \u0648\u0627\u0644\u0630\u064a \u064a\u062d\u062f\u062f \u0645\u0647\u0627\u0645 \u0627\u0644\u0647\u064a\u0627\u0643\u0644 \u0627\u0644\u0627\u062f\u0627\u0631\u064a\u0629 \u0644\u0644\u0643\u0644\u064a\u0629<\/p>\n\n\n\n<p class=\"has-text-align-left\">\u0627\u0644\u0645\u0627\u062f\u0629 24: \u062a\u0643\u0644\u0641 \u0627\u0644\u0627\u0645\u0627\u0646\u0629 \u0627\u0644\u0639\u0627\u0645\u0629 \u0644\u0644\u0643\u0644\u064a\u0629 \u0628\u0645\u0627 \u064a\u0627\u062a\u064a :<\/p>\n\n\n\n<p class=\"has-text-align-left\">\u062a\u062d\u0636\u064a\u0631 \u0645\u0634\u0631\u0648\u0639 \u0645\u062e\u0637\u0637 \u062a\u0633\u064a\u064a\u0631 \u0627\u0644\u0645\u0648\u0627\u0631\u062f \u0627\u0644\u0628\u0634\u0631\u064a\u0629 \u0644\u0644\u0643\u0644\u064a\u0629 \u0648\u0636\u0645\u0627\u0646 \u062a\u0646\u0641\u064a\u0630\u0647\u060c<\/p>\n\n\n\n<p class=\"has-text-align-left\">\u062a\u0633\u064a\u064a\u0631 \u0627\u0644\u0645\u0633\u0627\u0631 \u0627\u0644\u0645\u0647\u0646\u064a \u0644\u0645\u0633\u062a\u062e\u062f\u0645\u064a \u0627\u0644\u0643\u0644\u064a\u0629\u060c<\/p>\n\n\n\n<p class=\"has-text-align-left\">\u0636\u0645\u0627\u0646 \u062a\u0633\u064a\u064a\u0631 \u0627\u0644\u0627\u0631\u0634\u064a\u0641 \u0648 \u062a\u0648\u062b\u064a\u0642 \u0627\u0644\u0643\u0644\u064a\u0629 \u0648 \u0627\u0644\u0645\u062d\u0627\u0641\u0638\u0629 \u0639\u0644\u064a\u0647\u0645\u0627\u060c<\/p>\n\n\n\n<p class=\"has-text-align-left\">\u062a\u062d\u0636\u064a\u0631 \u0645\u0634\u0631\u0648\u0639 \u0645\u064a\u0632\u0627\u0646\u064a\u0629 \u0627\u0644\u0643\u0644\u064a\u0629 \u0648 \u0636\u0645\u0627\u0646 \u062a\u0646\u0641\u064a\u0630\u0647\u060c<\/p>\n\n\n\n<p class=\"has-text-align-left\">\u062a\u0633\u064a\u064a\u0631 \u0627\u0644\u0648\u0633\u0627\u0626\u0644 \u0627\u0644\u0645\u0646\u0642\u0648\u0644\u0629 \u0648 \u0627\u0644\u0639\u0642\u0627\u0631\u064a\u0629 \u0644\u0644\u0643\u0644\u064a\u0629 \u0648 \u0627\u0644\u0633\u0647\u0631 \u0639\u0644\u0649 \u0635\u064a\u0627\u0646\u062a\u0647\u0627\u060c<\/p>\n\n\n\n<p class=\"has-text-align-left\">\u0636\u0645\u0627\u0646 \u062a\u0646\u0641\u064a\u0630 \u0645\u062e\u0637\u0637 \u0627\u0644\u0627\u0645\u0646 \u0627\u0644\u062f\u0627\u062e\u0644\u064a \u0644\u0644\u0643\u0644\u064a\u0629.<\/p>\n\n\n\n<p class=\"has-text-align-left\">&nbsp;\u062a\u0634\u0645\u0644 \u0627\u0644\u0623\u0645\u0627\u0646\u0629 \u0627\u0644\u0639\u0627\u0645\u0629 \u0627\u0644\u0645\u0635\u0627\u0644\u062d \u0627\u0644\u0627\u062a\u064a\u0629:<\/p>\n\n\n\n<p class=\"has-text-align-left\">\u0645\u0635\u0644\u062d\u0629 \u0627\u0644\u0645\u0633\u062a\u062e\u062f\u0645\u064a\u0646<\/p>\n\n\n\n<p class=\"has-text-align-left\">\u0645\u0635\u0644\u062d\u0629 \u0627\u0644\u0645\u064a\u0632\u0627\u0646\u064a\u0629 \u0648\u0627\u0644\u0645\u062d\u0627\u0633\u0628\u0629<\/p>\n\n\n\n<p class=\"has-text-align-left\">\u0645\u0635\u0644\u062d\u0629 \u0627\u0644\u0648\u0633\u0627\u0626\u0644 \u0648 \u0627\u0644\u0635\u064a\u0627\u0646\u0629.<\/p>\n","protected":false},"excerpt":{"rendered":"<p>\u0627\u0644\u0623\u0645\u064a\u0646 (\u0629) \u0627\u0644\u0639\u0627\u0645 \u0644\u0644\u0643\u0644\u064a\u0629 \u0627\u0644\u0633\u064a\u062f\u0629 : \u062f\u0645\u0627\u0634 \u0633\u0627\u0631\u0629&nbsp; &nbsp;\u0627\u0644\u0645\u0627\u062f\u0629 :08 \u0645\u0646 \u0627\u0644\u0645\u0631\u0633\u0648\u0645 \u0627\u0644\u062a\u0646\u0641\u064a\u0630\u064a \u0631\u0642\u0645:03-279 \u0627\u0644\u0645\u0624\u0631\u062e \u0641\u064a 24 \u062c\u0645\u0627\u062f\u064a \u0627\u0644\u062b\u0627\u0646\u064a\u0629 \u0639\u0627\u0645 <span class=\"readmore\"><a href=\"https:\/\/fchimie.usthb.dz\/index.php\/appels-doffres\/\">Suite<\/a><\/span><\/p>\n","protected":false},"author":3,"featured_media":0,"parent":0,"menu_order":0,"comment_status":"closed","ping_status":"closed","template":"","meta":{"footnotes":""},"class_list":["post-1764","page","type-page","status-publish","hentry"],"_links":{"self":[{"href":"https:\/\/fchimie.usthb.dz\/index.php\/wp-json\/wp\/v2\/pages\/1764"}],"collection":[{"href":"https:\/\/fchimie.usthb.dz\/index.php\/wp-json\/wp\/v2\/pages"}],"about":[{"href":"https:\/\/fchimie.usthb.dz\/index.php\/wp-json\/wp\/v2\/types\/page"}],"author":[{"embeddable":true,"href":"https:\/\/fchimie.usthb.dz\/index.php\/wp-json\/wp\/v2\/users\/3"}],"replies":[{"embeddable":true,"href":"https:\/\/fchimie.usthb.dz\/index.php\/wp-json\/wp\/v2\/comments?post=1764"}],"version-history":[{"count":78,"href":"https:\/\/fchimie.usthb.dz\/index.php\/wp-json\/wp\/v2\/pages\/1764\/revisions"}],"predecessor-version":[{"id":3363,"href":"https:\/\/fchimie.usthb.dz\/index.php\/wp-json\/wp\/v2\/pages\/1764\/revisions\/3363"}],"wp:attachment":[{"href":"https:\/\/fchimie.usthb.dz\/index.php\/wp-json\/wp\/v2\/media?parent=1764"}],"curies":[{"name":"wp","href":"https:\/\/api.w.org\/{rel}","templated":true}]}}