{"id":2264,"date":"2023-02-20T07:06:08","date_gmt":"2023-02-20T07:06:08","guid":{"rendered":"https:\/\/fchimie.usthb.dz\/?page_id=2264"},"modified":"2023-02-20T07:06:08","modified_gmt":"2023-02-20T07:06:08","slug":"premiere-inscription","status":"publish","type":"page","link":"https:\/\/fchimie.usthb.dz\/index.php\/premiere-inscription\/","title":{"rendered":"Premi\u00e8re inscription"},"content":{"rendered":"\n<figure class=\"wp-block-image size-large\"><img loading=\"lazy\" decoding=\"async\" width=\"1024\" height=\"576\" src=\"https:\/\/fchimie.usthb.dz\/wp-content\/uploads\/2023\/02\/first-insc-1024x576.jpg\" alt=\"\" class=\"wp-image-2265\" srcset=\"https:\/\/fchimie.usthb.dz\/wp-content\/uploads\/2023\/02\/first-insc-1024x576.jpg 1024w, https:\/\/fchimie.usthb.dz\/wp-content\/uploads\/2023\/02\/first-insc-300x169.jpg 300w, https:\/\/fchimie.usthb.dz\/wp-content\/uploads\/2023\/02\/first-insc-768x432.jpg 768w, https:\/\/fchimie.usthb.dz\/wp-content\/uploads\/2023\/02\/first-insc-1536x864.jpg 1536w, https:\/\/fchimie.usthb.dz\/wp-content\/uploads\/2023\/02\/first-insc.jpg 1920w\" sizes=\"(max-width: 1024px) 100vw, 1024px\" \/><\/figure>\n\n\n\n<p><strong>LE DOSSIER DE PREMIERE INSCRIPTION\u00a0:<\/strong><\/p>\n\n\n\n<ul class=\"wp-block-list\"><li>Une demande d\u2019inscription (imprim\u00e9 \u00e0 t\u00e9l\u00e9charger sur le site).<\/li><li>Une autorisation d\u2019inscription en post-graduation (imprim\u00e9 \u00e0 t\u00e9l\u00e9charger sur le site).<\/li><li>Une demande d\u2019inscription pour les candidats n\u2019exer\u00e7ant pas \u00e0 l\u2019USTHB (imprim\u00e9 \u00e0 t\u00e9l\u00e9charger sur le site).<\/li><li>Un extrait du P.V. du Conseil Scientifique ayant statu\u00e9 la premi\u00e8re inscription du candidat<\/li><li>Une d\u00e9claration sur l\u2019honneur pour les \u00e9tudiants n\u2019exer\u00e7ant aucune activit\u00e9 r\u00e9mun\u00e9r\u00e9e (imprim\u00e9 \u00e0 t\u00e9l\u00e9charger sur le site).<\/li><li>Un extrait de naissance<\/li><li>Les photocopies es dipl\u00f4mes (y compris le Baccalaur\u00e9at). Les originaux doivent \u00eatre d\u00e9pos\u00e9s \u00e0 la PG<\/li><li>Deux photographies d\u2019identit\u00e9<\/li><li>Fiche d\u2019identification du sujet (imprim\u00e9 \u00e0 t\u00e9l\u00e9charger sur le site).<\/li><li>Une attestation d\u2019\u00e9quivalences pour les dipl\u00f4mes obtenus \u00e0 l\u2019\u00e9tranger.<\/li><li>Un certificat de nationalit\u00e9 pour les \u00e9tudiants n\u00e9s \u00e0 l\u2019\u00e9tranger.<\/li><li>Une attestation de fonction pour l\u2019ann\u00e9e universitaire en cour.<\/li><li>R\u00e9c\u00e9piss\u00e9 portant paiement des droits d\u2019inscription 200 DA (pour les candidats hors USTHB, et pour ceux qui n\u2019exercent pas une fonction r\u00e9mun\u00e9r\u00e9e).<\/li><\/ul>\n\n\n\n<div class=\"wp-block-file\"><a id=\"wp-block-file--media-e92f218b-f977-4175-8f53-0ffdf037f8d8\" href=\"http:\/\/fchimie.usthb.dz\/wp-content\/uploads\/2022\/09\/Demande-dinscription.doc\">Demande-dinscription<\/a><a href=\"http:\/\/fchimie.usthb.dz\/wp-content\/uploads\/2022\/09\/Demande-dinscription.doc\" class=\"wp-block-file__button\" download aria-describedby=\"wp-block-file--media-e92f218b-f977-4175-8f53-0ffdf037f8d8\">Download<\/a><\/div>\n\n\n\n<div class=\"wp-block-file\"><a id=\"wp-block-file--media-2adffb40-45ff-490f-8bad-702b1fbdf323\" href=\"http:\/\/fchimie.usthb.dz\/wp-content\/uploads\/2022\/09\/Autorisation-dinscription.doc\">Autorisation-dinscription<\/a><a href=\"http:\/\/fchimie.usthb.dz\/wp-content\/uploads\/2022\/09\/Autorisation-dinscription.doc\" class=\"wp-block-file__button\" download aria-describedby=\"wp-block-file--media-2adffb40-45ff-490f-8bad-702b1fbdf323\">Download<\/a><\/div>\n\n\n\n<div class=\"wp-block-file\"><a id=\"wp-block-file--media-b3203c16-d90f-4507-ae02-fc98667e5562\" href=\"http:\/\/fchimie.usthb.dz\/wp-content\/uploads\/2022\/09\/Demande-dinscription-hors-USTHB.doc\">Demande-dinscription-hors-USTHB<\/a><a href=\"http:\/\/fchimie.usthb.dz\/wp-content\/uploads\/2022\/09\/Demande-dinscription-hors-USTHB.doc\" class=\"wp-block-file__button\" download aria-describedby=\"wp-block-file--media-b3203c16-d90f-4507-ae02-fc98667e5562\">Download<\/a><\/div>\n\n\n\n<div class=\"wp-block-file\"><a id=\"wp-block-file--media-db23ba76-d3e9-452c-b7a0-209080ec0d15\" href=\"http:\/\/fchimie.usthb.dz\/wp-content\/uploads\/2022\/09\/Declaration-sur-lhonneur.doc\">Declaration-sur-lhonneur<\/a><a href=\"http:\/\/fchimie.usthb.dz\/wp-content\/uploads\/2022\/09\/Declaration-sur-lhonneur.doc\" class=\"wp-block-file__button\" download aria-describedby=\"wp-block-file--media-db23ba76-d3e9-452c-b7a0-209080ec0d15\">Download<\/a><\/div>\n\n\n\n<div class=\"wp-block-file\"><a id=\"wp-block-file--media-8a35485d-28da-4a74-bad4-16ffc69d9766\" href=\"http:\/\/fchimie.usthb.dz\/wp-content\/uploads\/2023\/02\/Fiche-didentification-du-sujet.doc\">Fiche-d&#8217;identification-du-sujet<\/a><a href=\"http:\/\/fchimie.usthb.dz\/wp-content\/uploads\/2023\/02\/Fiche-didentification-du-sujet.doc\" class=\"wp-block-file__button\" download aria-describedby=\"wp-block-file--media-8a35485d-28da-4a74-bad4-16ffc69d9766\">Download<\/a><\/div>\n","protected":false},"excerpt":{"rendered":"<p>LE DOSSIER DE PREMIERE INSCRIPTION\u00a0: Une demande d\u2019inscription (imprim\u00e9 \u00e0 t\u00e9l\u00e9charger sur le site). Une autorisation d\u2019inscription en post-graduation (imprim\u00e9 <span class=\"readmore\"><a href=\"https:\/\/fchimie.usthb.dz\/index.php\/premiere-inscription\/\">Suite<\/a><\/span><\/p>\n","protected":false},"author":2,"featured_media":0,"parent":0,"menu_order":0,"comment_status":"closed","ping_status":"closed","template":"","meta":{"footnotes":""},"class_list":["post-2264","page","type-page","status-publish","hentry"],"_links":{"self":[{"href":"https:\/\/fchimie.usthb.dz\/index.php\/wp-json\/wp\/v2\/pages\/2264"}],"collection":[{"href":"https:\/\/fchimie.usthb.dz\/index.php\/wp-json\/wp\/v2\/pages"}],"about":[{"href":"https:\/\/fchimie.usthb.dz\/index.php\/wp-json\/wp\/v2\/types\/page"}],"author":[{"embeddable":true,"href":"https:\/\/fchimie.usthb.dz\/index.php\/wp-json\/wp\/v2\/users\/2"}],"replies":[{"embeddable":true,"href":"https:\/\/fchimie.usthb.dz\/index.php\/wp-json\/wp\/v2\/comments?post=2264"}],"version-history":[{"count":1,"href":"https:\/\/fchimie.usthb.dz\/index.php\/wp-json\/wp\/v2\/pages\/2264\/revisions"}],"predecessor-version":[{"id":2267,"href":"https:\/\/fchimie.usthb.dz\/index.php\/wp-json\/wp\/v2\/pages\/2264\/revisions\/2267"}],"wp:attachment":[{"href":"https:\/\/fchimie.usthb.dz\/index.php\/wp-json\/wp\/v2\/media?parent=2264"}],"curies":[{"name":"wp","href":"https:\/\/api.w.org\/{rel}","templated":true}]}}