{"id":233,"date":"2022-05-16T23:52:42","date_gmt":"2022-05-16T23:52:42","guid":{"rendered":"http:\/\/193.194.89.203\/?page_id=233"},"modified":"2022-05-17T04:08:33","modified_gmt":"2022-05-17T04:08:33","slug":"presentation","status":"publish","type":"page","link":"https:\/\/fchimie.usthb.dz\/index.php\/presentation\/","title":{"rendered":"Pr\u00e9sentation"},"content":{"rendered":"\n<figure class=\"wp-block-image size-large is-resized\"><img loading=\"lazy\" decoding=\"async\" src=\"http:\/\/193.194.89.203\/wp-content\/uploads\/2022\/05\/fc1-1024x703.jpg\" alt=\"\" class=\"wp-image-238\" width=\"710\" height=\"487\" srcset=\"https:\/\/fchimie.usthb.dz\/wp-content\/uploads\/2022\/05\/fc1-1024x703.jpg 1024w, https:\/\/fchimie.usthb.dz\/wp-content\/uploads\/2022\/05\/fc1-300x206.jpg 300w, https:\/\/fchimie.usthb.dz\/wp-content\/uploads\/2022\/05\/fc1-768x527.jpg 768w, https:\/\/fchimie.usthb.dz\/wp-content\/uploads\/2022\/05\/fc1-1536x1054.jpg 1536w, https:\/\/fchimie.usthb.dz\/wp-content\/uploads\/2022\/05\/fc1.jpg 1580w\" sizes=\"(max-width: 710px) 100vw, 710px\" \/><\/figure>\n\n\n\n<p>La <strong>facult\u00e9 de chimie<\/strong> (ex- institut de chimie) a \u00e9t\u00e9 cr\u00e9\u00e9e en 1974. Ses missions principales sont orient\u00e9es vers la recherche et la p\u00e9dagogie.<\/p>\n\n\n\n<p>Les enseignements de base sont assur\u00e9s \u00e0 la majorit\u00e9 des \u00e9tudiants de 1\u00e8re ann\u00e9e LMD. Des enseignements approfondis sont assur\u00e9s pour les \u00e9tudiants de Licence et de Master ainsi que des enseignements de post-graduation d\u00e9bouchant aux dipl\u00f4mes de Magister et de Doctorat.<\/p>\n\n\n\n<p>La Chimie intervient dans plusieurs domaines tels que\u00a0: les hydrocarbures, les produits pharmaceutiques, l\u2019eau, l\u2019agriculture, l\u2019agro-alimentaire, les d\u00e9tergents, les cosm\u00e9tiques, la m\u00e9tallurgie, l\u2019hydrom\u00e9tallurgie, la corrosion\u2026. Elle est \u00e9galement la base de toute l\u2019analyse de type contr\u00f4le de la qualit\u00e9.<\/p>\n","protected":false},"excerpt":{"rendered":"<p>La facult\u00e9 de chimie (ex- institut de chimie) a \u00e9t\u00e9 cr\u00e9\u00e9e en 1974. Ses missions principales sont orient\u00e9es vers la <span class=\"readmore\"><a href=\"https:\/\/fchimie.usthb.dz\/index.php\/presentation\/\">Suite<\/a><\/span><\/p>\n","protected":false},"author":2,"featured_media":0,"parent":0,"menu_order":0,"comment_status":"closed","ping_status":"closed","template":"","meta":{"footnotes":""},"class_list":["post-233","page","type-page","status-publish","hentry"],"_links":{"self":[{"href":"https:\/\/fchimie.usthb.dz\/index.php\/wp-json\/wp\/v2\/pages\/233"}],"collection":[{"href":"https:\/\/fchimie.usthb.dz\/index.php\/wp-json\/wp\/v2\/pages"}],"about":[{"href":"https:\/\/fchimie.usthb.dz\/index.php\/wp-json\/wp\/v2\/types\/page"}],"author":[{"embeddable":true,"href":"https:\/\/fchimie.usthb.dz\/index.php\/wp-json\/wp\/v2\/users\/2"}],"replies":[{"embeddable":true,"href":"https:\/\/fchimie.usthb.dz\/index.php\/wp-json\/wp\/v2\/comments?post=233"}],"version-history":[{"count":7,"href":"https:\/\/fchimie.usthb.dz\/index.php\/wp-json\/wp\/v2\/pages\/233\/revisions"}],"predecessor-version":[{"id":252,"href":"https:\/\/fchimie.usthb.dz\/index.php\/wp-json\/wp\/v2\/pages\/233\/revisions\/252"}],"wp:attachment":[{"href":"https:\/\/fchimie.usthb.dz\/index.php\/wp-json\/wp\/v2\/media?parent=233"}],"curies":[{"name":"wp","href":"https:\/\/api.w.org\/{rel}","templated":true}]}}