{"id":278,"date":"2022-05-20T14:00:59","date_gmt":"2022-05-20T14:00:59","guid":{"rendered":"http:\/\/193.194.89.203\/?page_id=278"},"modified":"2022-05-20T14:23:26","modified_gmt":"2022-05-20T14:23:26","slug":"mot-de-la-doyenne","status":"publish","type":"page","link":"https:\/\/fchimie.usthb.dz\/index.php\/mot-de-la-doyenne\/","title":{"rendered":"Mot de la Doyenne"},"content":{"rendered":"\n<div class=\"wp-block-media-text alignfull is-stacked-on-mobile\" style=\"grid-template-columns:40% auto\"><figure class=\"wp-block-media-text__media\"><img loading=\"lazy\" decoding=\"async\" width=\"1056\" height=\"670\" src=\"http:\/\/193.194.89.203\/wp-content\/uploads\/2022\/05\/MDoyenne.jpg\" alt=\"\" class=\"wp-image-289 size-full\" srcset=\"https:\/\/fchimie.usthb.dz\/wp-content\/uploads\/2022\/05\/MDoyenne.jpg 1056w, https:\/\/fchimie.usthb.dz\/wp-content\/uploads\/2022\/05\/MDoyenne-300x190.jpg 300w, https:\/\/fchimie.usthb.dz\/wp-content\/uploads\/2022\/05\/MDoyenne-1024x650.jpg 1024w, https:\/\/fchimie.usthb.dz\/wp-content\/uploads\/2022\/05\/MDoyenne-768x487.jpg 768w\" sizes=\"(max-width: 1056px) 100vw, 1056px\" \/><\/figure><div class=\"wp-block-media-text__content\">\n<p>Chers coll\u00e8gues,<\/p>\n\n\n\n<p>C&#8217;est avec plaisir que je m&#8217;adresse \u00e0 vous aujourd&#8217;hui, en esp\u00e9rant que vous \u00eates toutes et tous en bonne sant\u00e9.<\/p>\n\n\n\n<p>Tout d&#8217;abord, je tiens \u00e0 exprimer mes remerciements \u00e0 Monsieur Le Recteur, pour la confiance qu&#8217;il a t\u00e9moign\u00e9e \u00e0 mon \u00e9gard en me proposant la direction de la Facult\u00e9 de Chimie.<\/p>\n\n\n\n<p>Je tiens \u00e9galement \u00e0 remercier vivement mes coll\u00e8gues qui m&#8217;ont, chacun \u00e0 sa mani\u00e8re, exprim\u00e9 leurs f\u00e9licitations et t\u00e9moign\u00e9 leurs soutiens.<\/p>\n\n\n\n<p>J&#8217;ai accept\u00e9 cette responsabilit\u00e9 avec \u00e0 l&#8217;esprit, une seule obligation : celle de consacrer tous mes efforts \u00e0 la gestion de notre facult\u00e9, avec toute la rigueur n\u00e9cessaire et avec le souci d&#8217;apporter ma contribution au d\u00e9veloppement de la facult\u00e9, apr\u00e8s les efforts qui ont \u00e9t\u00e9 consentis par mes pr\u00e9d\u00e9cesseurs.<\/p>\n\n\n\n<p>Ce propos me donne l&#8217;occasion d&#8217;affirmer mon engagement d&#8217;\u00eatre \u00e0 l&#8217;\u00e9coute de toutes et tous pour travailler dans un climat de collaboration et de respect partag\u00e9.<\/p>\n\n\n\n<p><strong>Pr Assia Siham HADJ-HAMOU<\/strong><\/p>\n\n\n\n<p>Doyenne de la Facult\u00e9 de Chimie<\/p>\n<\/div><\/div>\n","protected":false},"excerpt":{"rendered":"<p>Chers coll\u00e8gues, C&#8217;est avec plaisir que je m&#8217;adresse \u00e0 vous aujourd&#8217;hui, en esp\u00e9rant que vous \u00eates toutes et tous en <span class=\"readmore\"><a href=\"https:\/\/fchimie.usthb.dz\/index.php\/mot-de-la-doyenne\/\">Suite<\/a><\/span><\/p>\n","protected":false},"author":2,"featured_media":0,"parent":0,"menu_order":0,"comment_status":"closed","ping_status":"closed","template":"","meta":{"footnotes":""},"class_list":["post-278","page","type-page","status-publish","hentry"],"_links":{"self":[{"href":"https:\/\/fchimie.usthb.dz\/index.php\/wp-json\/wp\/v2\/pages\/278"}],"collection":[{"href":"https:\/\/fchimie.usthb.dz\/index.php\/wp-json\/wp\/v2\/pages"}],"about":[{"href":"https:\/\/fchimie.usthb.dz\/index.php\/wp-json\/wp\/v2\/types\/page"}],"author":[{"embeddable":true,"href":"https:\/\/fchimie.usthb.dz\/index.php\/wp-json\/wp\/v2\/users\/2"}],"replies":[{"embeddable":true,"href":"https:\/\/fchimie.usthb.dz\/index.php\/wp-json\/wp\/v2\/comments?post=278"}],"version-history":[{"count":10,"href":"https:\/\/fchimie.usthb.dz\/index.php\/wp-json\/wp\/v2\/pages\/278\/revisions"}],"predecessor-version":[{"id":298,"href":"https:\/\/fchimie.usthb.dz\/index.php\/wp-json\/wp\/v2\/pages\/278\/revisions\/298"}],"wp:attachment":[{"href":"https:\/\/fchimie.usthb.dz\/index.php\/wp-json\/wp\/v2\/media?parent=278"}],"curies":[{"name":"wp","href":"https:\/\/api.w.org\/{rel}","templated":true}]}}