{"id":342,"date":"2022-05-28T15:16:20","date_gmt":"2022-05-28T15:16:20","guid":{"rendered":"http:\/\/193.194.89.203\/?page_id=342"},"modified":"2022-08-02T21:03:27","modified_gmt":"2022-08-02T21:03:27","slug":"vice-decanat-pg-rs-re","status":"publish","type":"page","link":"https:\/\/fchimie.usthb.dz\/index.php\/vice-decanat-pg-rs-re\/","title":{"rendered":"Vice D\u00e9canat PG RS &#038; RE"},"content":{"rendered":"\n<p>Le <strong>Vice d\u00e9canat de post-graduation, recherche scientifique et relations ext\u00e9rieures<\/strong> est sous la responsabilit\u00e9 de Pr. Bouslah \u00e9pouse Mokhnachi Naima. Il est constitu\u00e9 de 3 services.&nbsp;: <\/p>\n\n\n\n<ul class=\"wp-block-list\"><li><a href=\"http:\/\/fchimie.usthb.dz\/index.php\/post-graduation\/\" data-type=\"URL\" data-id=\"http:\/\/fchimie.usthb.dz\/index.php\/post-graduation\/\">Service Post-graduation<\/a><\/li><li><a href=\"http:\/\/fchimie.usthb.dz\/index.php\/recherche\/\" data-type=\"URL\" data-id=\"http:\/\/fchimie.usthb.dz\/index.php\/recherche\/\">Service Recherche Scientifique<\/a><\/li><li><a href=\"http:\/\/fchimie.usthb.dz\/index.php\/relations-exterieures\/\" data-type=\"URL\" data-id=\"http:\/\/fchimie.usthb.dz\/index.php\/relations-exterieures\/\">Service Relations Ext\u00e9rieures<\/a><\/li><\/ul>\n","protected":false},"excerpt":{"rendered":"<p>Le Vice d\u00e9canat de post-graduation, recherche scientifique et relations ext\u00e9rieures est sous la responsabilit\u00e9 de Pr. Bouslah \u00e9pouse Mokhnachi Naima. <span class=\"readmore\"><a href=\"https:\/\/fchimie.usthb.dz\/index.php\/vice-decanat-pg-rs-re\/\">Suite<\/a><\/span><\/p>\n","protected":false},"author":2,"featured_media":0,"parent":0,"menu_order":0,"comment_status":"closed","ping_status":"closed","template":"","meta":{"footnotes":""},"class_list":["post-342","page","type-page","status-publish","hentry"],"_links":{"self":[{"href":"https:\/\/fchimie.usthb.dz\/index.php\/wp-json\/wp\/v2\/pages\/342"}],"collection":[{"href":"https:\/\/fchimie.usthb.dz\/index.php\/wp-json\/wp\/v2\/pages"}],"about":[{"href":"https:\/\/fchimie.usthb.dz\/index.php\/wp-json\/wp\/v2\/types\/page"}],"author":[{"embeddable":true,"href":"https:\/\/fchimie.usthb.dz\/index.php\/wp-json\/wp\/v2\/users\/2"}],"replies":[{"embeddable":true,"href":"https:\/\/fchimie.usthb.dz\/index.php\/wp-json\/wp\/v2\/comments?post=342"}],"version-history":[{"count":5,"href":"https:\/\/fchimie.usthb.dz\/index.php\/wp-json\/wp\/v2\/pages\/342\/revisions"}],"predecessor-version":[{"id":681,"href":"https:\/\/fchimie.usthb.dz\/index.php\/wp-json\/wp\/v2\/pages\/342\/revisions\/681"}],"wp:attachment":[{"href":"https:\/\/fchimie.usthb.dz\/index.php\/wp-json\/wp\/v2\/media?parent=342"}],"curies":[{"name":"wp","href":"https:\/\/api.w.org\/{rel}","templated":true}]}}