{"id":364,"date":"2022-05-28T16:00:24","date_gmt":"2022-05-28T16:00:24","guid":{"rendered":"http:\/\/193.194.89.203\/?page_id=364"},"modified":"2022-08-02T21:10:29","modified_gmt":"2022-08-02T21:10:29","slug":"projets-de-recherche","status":"publish","type":"page","link":"https:\/\/fchimie.usthb.dz\/index.php\/projets-de-recherche\/","title":{"rendered":"Projets de Recherche"},"content":{"rendered":"\n<div style=\"height:100px\" aria-hidden=\"true\" class=\"wp-block-spacer\"><\/div>\n\n\n\n<h2 class=\"has-blue-color has-text-color has-normal-font-size wp-block-heading\" id=\"lancement-de-la-session-de-soumission-des-nouveaux-prfu-au-titre-de-l-annee-2023\">Lancement de la session de soumission des nouveaux PRFU au titre de l\u2019ann\u00e9e 2023<\/h2>\n\n\n\n<p>Dans le cadre de la gestion des projets de recherche-formation universitaire (<strong>PRFU<\/strong>), nous avons l\u2019honneur de vous informer du lancement de la session de soumission des nouveaux projets de recherche formation universitaire au titre de l\u2019ann\u00e9e 2023.<br>La gestion de ces projets se fait via la plateforme d\u00e9di\u00e9e \u00e0 ce programme disponible sur le lien :<a href=\"http:\/\/www.prfu-mesrs.dz\/\" data-type=\"URL\" data-id=\"http:\/\/www.prfu-mesrs.dz\/\"> <strong>www.prfu-mesrs.dz<\/strong>. <\/a>&nbsp;Les documents li\u00e9s \u00e0 ce programme sont t\u00e9l\u00e9chargeables sur le site de la<a href=\"http:\/\/www.prfu-mesrs.dz\/\" data-type=\"URL\" data-id=\"http:\/\/www.prfu-mesrs.dz\/\"> <\/a>plateforme et comportent :<\/p>\n\n\n\n<p><\/p>\n\n\n\n<ol class=\"wp-block-list\"><li>La circulaire n\u00b0 02 du 06 Juin 2022 relative \u00e0 la proc\u00e9dure de recevabilit\u00e9 et de gestion des Projets de Recherche-Formation Universitaire (PRFU),<\/li><li>Le calendrier des diff\u00e9rentes p\u00e9riodes (soumission, validation, expertise),<\/li><li>Le canevas des nouveaux projets (pour conception du projet en version papier et validation par les instances scientifiques de l\u2019\u00e9tablissement).<\/li><li>Le guide d\u2019utilisation de la plateforme pour chaque acteur :<\/li><\/ol>\n\n\n\n<ul class=\"wp-block-list\"><li>Les porteurs de projet ;<\/li><li>Les membres de projet ;<\/li><li>Les \u00e9tablissements universitaires ;<\/li><li>Les conf\u00e9rences r\u00e9gionales des universit\u00e9s ;<\/li><li>Les conseillers scientifiques (experts).<\/li><\/ul>\n\n\n\n<p class=\"has-text-align-center has-blue-color has-text-color has-normal-font-size\"><strong>\u00c9ch\u00e9ancier relatif \u00e0 la soumission des nouveaux projets<br>de recherche formation universitaire \u00ab PRFU \u00bb<br>au titre de l\u2019ann\u00e9e 2023<\/strong><\/p>\n\n\n\n<p class=\"has-text-align-center\"><strong>Du 09 au 20 Juin 2022<\/strong><br>Soumission des nouveaux projets via la plateforme PRFU.<\/p>\n\n\n\n<p class=\"has-text-align-center\"><strong>Du 21 au 24 Juin 2022<\/strong><br>Validation des nouveaux projets par les responsables des \u00e9tablissements.<\/p>\n\n\n\n<p class=\"has-text-align-center\"><strong>Du 25 au 27 Juin 2022<\/strong><br>Validation des nouveaux projets par les pr\u00e9sidents des CRUs.<\/p>\n\n\n\n<p class=\"has-text-align-center\"><strong>Du 28 Juin au 18 Juillet 2022<\/strong><br>Expertise des projets par les conseillers scientifiques.<\/p>\n\n\n\n<p class=\"has-text-align-center\"><strong>Du 19 au 21 Juillet 2022<\/strong><br>Etablissement des \u00e9tats d\u2019agr\u00e9ment des projets.<\/p>\n\n\n\n<p><strong><a href=\"http:\/\/fchimie.usthb.dz\/wp-content\/uploads\/2022\/06\/Lancement-de-la-session-de-soumission-des-nouveaux-projets-de-recherche-formation-universitaire-au-titre-de-lannee-2023-Fr.pdf\" data-type=\"URL\" data-id=\"http:\/\/fchimie.usthb.dz\/wp-content\/uploads\/2022\/06\/Lancement-de-la-session-de-soumission-des-nouveaux-projets-de-recherche-formation-universitaire-au-titre-de-lannee-2023-Fr.pdf\">Appel \u00e0 soumission version fr<\/a><\/strong><\/p>\n\n\n\n<p><strong><a href=\"http:\/\/fchimie.usthb.dz\/wp-content\/uploads\/2022\/06\/Lancement-de-la-session-de-soumission-des-nouveaux-projets-de-recherche-formation-universitaire-au-titre-de-lannee-2023-Ar.pdf\" data-type=\"URL\" data-id=\"http:\/\/fchimie.usthb.dz\/wp-content\/uploads\/2022\/06\/Lancement-de-la-session-de-soumission-des-nouveaux-projets-de-recherche-formation-universitaire-au-titre-de-lannee-2023-Ar.pdf\">Appel \u00e0 soumission version ar<\/a><\/strong><\/p>\n","protected":false},"excerpt":{"rendered":"<p>Lancement de la session de soumission des nouveaux PRFU au titre de l\u2019ann\u00e9e 2023 Dans le cadre de la gestion <span class=\"readmore\"><a href=\"https:\/\/fchimie.usthb.dz\/index.php\/projets-de-recherche\/\">Suite<\/a><\/span><\/p>\n","protected":false},"author":2,"featured_media":0,"parent":0,"menu_order":0,"comment_status":"closed","ping_status":"closed","template":"","meta":{"footnotes":""},"class_list":["post-364","page","type-page","status-publish","hentry"],"_links":{"self":[{"href":"https:\/\/fchimie.usthb.dz\/index.php\/wp-json\/wp\/v2\/pages\/364"}],"collection":[{"href":"https:\/\/fchimie.usthb.dz\/index.php\/wp-json\/wp\/v2\/pages"}],"about":[{"href":"https:\/\/fchimie.usthb.dz\/index.php\/wp-json\/wp\/v2\/types\/page"}],"author":[{"embeddable":true,"href":"https:\/\/fchimie.usthb.dz\/index.php\/wp-json\/wp\/v2\/users\/2"}],"replies":[{"embeddable":true,"href":"https:\/\/fchimie.usthb.dz\/index.php\/wp-json\/wp\/v2\/comments?post=364"}],"version-history":[{"count":16,"href":"https:\/\/fchimie.usthb.dz\/index.php\/wp-json\/wp\/v2\/pages\/364\/revisions"}],"predecessor-version":[{"id":685,"href":"https:\/\/fchimie.usthb.dz\/index.php\/wp-json\/wp\/v2\/pages\/364\/revisions\/685"}],"wp:attachment":[{"href":"https:\/\/fchimie.usthb.dz\/index.php\/wp-json\/wp\/v2\/media?parent=364"}],"curies":[{"name":"wp","href":"https:\/\/api.w.org\/{rel}","templated":true}]}}