{"id":368,"date":"2022-05-28T16:03:21","date_gmt":"2022-05-28T16:03:21","guid":{"rendered":"http:\/\/193.194.89.203\/?page_id=368"},"modified":"2023-01-20T19:41:05","modified_gmt":"2023-01-20T19:41:05","slug":"distinctions","status":"publish","type":"page","link":"https:\/\/fchimie.usthb.dz\/index.php\/distinctions\/","title":{"rendered":"Distinctions"},"content":{"rendered":"\n<div style=\"height:115px\" aria-hidden=\"true\" class=\"wp-block-spacer\"><\/div>\n\n\n\n<div class=\"wp-block-media-text alignwide is-stacked-on-mobile\" style=\"grid-template-columns:18% auto\"><figure class=\"wp-block-media-text__media\"><img loading=\"lazy\" decoding=\"async\" width=\"953\" height=\"1024\" src=\"https:\/\/fchimie.usthb.dz\/wp-content\/uploads\/2023\/01\/viber_image_2023-01-19_20-28-12-527-1-953x1024.jpg\" alt=\"\" class=\"wp-image-2125 size-full\" srcset=\"https:\/\/fchimie.usthb.dz\/wp-content\/uploads\/2023\/01\/viber_image_2023-01-19_20-28-12-527-1-953x1024.jpg 953w, https:\/\/fchimie.usthb.dz\/wp-content\/uploads\/2023\/01\/viber_image_2023-01-19_20-28-12-527-1-279x300.jpg 279w, https:\/\/fchimie.usthb.dz\/wp-content\/uploads\/2023\/01\/viber_image_2023-01-19_20-28-12-527-1-768x826.jpg 768w, https:\/\/fchimie.usthb.dz\/wp-content\/uploads\/2023\/01\/viber_image_2023-01-19_20-28-12-527-1.jpg 1080w\" sizes=\"(max-width: 953px) 100vw, 953px\" \/><\/figure><div class=\"wp-block-media-text__content\">\n<p><strong>Professeur Mohamed TRARI<\/strong>, enseignant chercheur \u00e0 la facult\u00e9 de chimie, USTHB, a re\u00e7u le <strong>prix de Scopus Award<\/strong> dans le domaine science des Mat\u00e9riaux en 2022<br>F\u00e9licitations \u00e0 notre cher coll\u00e8gue<\/p>\n<\/div><\/div>\n\n\n\n<p><\/p>\n","protected":false},"excerpt":{"rendered":"<p>Professeur Mohamed TRARI, enseignant chercheur \u00e0 la facult\u00e9 de chimie, USTHB, a re\u00e7u le prix de Scopus Award dans le <span class=\"readmore\"><a href=\"https:\/\/fchimie.usthb.dz\/index.php\/distinctions\/\">Suite<\/a><\/span><\/p>\n","protected":false},"author":2,"featured_media":0,"parent":0,"menu_order":0,"comment_status":"closed","ping_status":"closed","template":"","meta":{"footnotes":""},"class_list":["post-368","page","type-page","status-publish","hentry"],"_links":{"self":[{"href":"https:\/\/fchimie.usthb.dz\/index.php\/wp-json\/wp\/v2\/pages\/368"}],"collection":[{"href":"https:\/\/fchimie.usthb.dz\/index.php\/wp-json\/wp\/v2\/pages"}],"about":[{"href":"https:\/\/fchimie.usthb.dz\/index.php\/wp-json\/wp\/v2\/types\/page"}],"author":[{"embeddable":true,"href":"https:\/\/fchimie.usthb.dz\/index.php\/wp-json\/wp\/v2\/users\/2"}],"replies":[{"embeddable":true,"href":"https:\/\/fchimie.usthb.dz\/index.php\/wp-json\/wp\/v2\/comments?post=368"}],"version-history":[{"count":3,"href":"https:\/\/fchimie.usthb.dz\/index.php\/wp-json\/wp\/v2\/pages\/368\/revisions"}],"predecessor-version":[{"id":2128,"href":"https:\/\/fchimie.usthb.dz\/index.php\/wp-json\/wp\/v2\/pages\/368\/revisions\/2128"}],"wp:attachment":[{"href":"https:\/\/fchimie.usthb.dz\/index.php\/wp-json\/wp\/v2\/media?parent=368"}],"curies":[{"name":"wp","href":"https:\/\/api.w.org\/{rel}","templated":true}]}}