{"id":375,"date":"2022-05-28T16:09:23","date_gmt":"2022-05-28T16:09:23","guid":{"rendered":"http:\/\/193.194.89.203\/?page_id=375"},"modified":"2022-06-13T23:02:56","modified_gmt":"2022-06-13T23:02:56","slug":"manifestations-scientifiques","status":"publish","type":"page","link":"https:\/\/fchimie.usthb.dz\/index.php\/manifestations-scientifiques\/","title":{"rendered":"Manifestations Scientifiques"},"content":{"rendered":"\n<p><\/p>\n\n\n\n<div class=\"wp-block-query is-layout-flow wp-block-query-is-layout-flow\">\n<div class=\"wp-block-group\"><div class=\"wp-block-group__inner-container is-layout-flow wp-block-group-is-layout-flow\">\n<div class=\"wp-block-columns is-layout-flex wp-container-core-columns-is-layout-1 wp-block-columns-is-layout-flex\">\n<div class=\"wp-block-column is-layout-flow wp-block-column-is-layout-flow\" style=\"flex-basis:100%\">\n<div class=\"wp-block-group\"><div class=\"wp-block-group__inner-container is-layout-flow wp-block-group-is-layout-flow\"><ul class=\"wp-block-post-template is-layout-flow wp-block-post-template-is-layout-flow\"><li class=\"wp-block-post post-602 post type-post status-publish format-standard has-post-thumbnail hentry category-uncategorized\">\n<figure style=\"width:50%;height:50%;\" class=\"aligncenter wp-block-post-featured-image\"><a href=\"https:\/\/fchimie.usthb.dz\/index.php\/2022\/06\/13\/602\/\" target=\"_self\"  style=\"height:50%\"><img loading=\"lazy\" decoding=\"async\" width=\"1240\" height=\"1754\" src=\"https:\/\/fchimie.usthb.dz\/wp-content\/uploads\/2022\/06\/icpm2023-1.jpg\" class=\"attachment-post-thumbnail size-post-thumbnail wp-post-image\" alt=\"International Conference on Polymer Materials : ICPM &#8211; 2022\" style=\"height:50%;object-fit:cover;\" srcset=\"https:\/\/fchimie.usthb.dz\/wp-content\/uploads\/2022\/06\/icpm2023-1.jpg 1240w, https:\/\/fchimie.usthb.dz\/wp-content\/uploads\/2022\/06\/icpm2023-1-212x300.jpg 212w, https:\/\/fchimie.usthb.dz\/wp-content\/uploads\/2022\/06\/icpm2023-1-724x1024.jpg 724w, https:\/\/fchimie.usthb.dz\/wp-content\/uploads\/2022\/06\/icpm2023-1-768x1086.jpg 768w, https:\/\/fchimie.usthb.dz\/wp-content\/uploads\/2022\/06\/icpm2023-1-1086x1536.jpg 1086w\" sizes=\"(max-width: 1240px) 100vw, 1240px\" \/><\/a><\/figure>\n\n<div class=\"wp-block-post-excerpt\"><p class=\"wp-block-post-excerpt__excerpt\"> <\/p><\/div>\n\n\n<hr class=\"wp-block-separator\"\/>\n\n\n<div class=\"wp-block-post-date\"><time datetime=\"2022-06-13T22:49:13+00:00\">June 13, 2022<\/time><\/div>\n<\/li><li class=\"wp-block-post post-617 post type-post status-publish format-standard has-post-thumbnail hentry category-uncategorized\">\n<figure style=\"width:50%;height:50%;\" class=\"aligncenter wp-block-post-featured-image\"><a href=\"https:\/\/fchimie.usthb.dz\/index.php\/2022\/05\/08\/lintelligence-artificielle-en-sciences-et-technlogies\/\" target=\"_self\"  style=\"height:50%\"><img loading=\"lazy\" decoding=\"async\" width=\"1240\" height=\"1754\" src=\"https:\/\/fchimie.usthb.dz\/wp-content\/uploads\/2022\/06\/JSIA.jpg\" class=\"attachment-post-thumbnail size-post-thumbnail wp-post-image\" alt=\"L&#8217;Intelligence Artificielle en Sciences et Technlogies\" style=\"height:50%;object-fit:cover;\" srcset=\"https:\/\/fchimie.usthb.dz\/wp-content\/uploads\/2022\/06\/JSIA.jpg 1240w, https:\/\/fchimie.usthb.dz\/wp-content\/uploads\/2022\/06\/JSIA-212x300.jpg 212w, https:\/\/fchimie.usthb.dz\/wp-content\/uploads\/2022\/06\/JSIA-724x1024.jpg 724w, https:\/\/fchimie.usthb.dz\/wp-content\/uploads\/2022\/06\/JSIA-768x1086.jpg 768w, https:\/\/fchimie.usthb.dz\/wp-content\/uploads\/2022\/06\/JSIA-1086x1536.jpg 1086w\" sizes=\"(max-width: 1240px) 100vw, 1240px\" \/><\/a><\/figure>\n\n<div class=\"wp-block-post-excerpt\"><p class=\"wp-block-post-excerpt__excerpt\"> <\/p><\/div>\n\n\n<hr class=\"wp-block-separator\"\/>\n\n\n<div class=\"wp-block-post-date\"><time datetime=\"2022-05-08T09:56:05+00:00\">May 8, 2022<\/time><\/div>\n<\/li><li class=\"wp-block-post post-620 post type-post status-publish format-standard has-post-thumbnail hentry category-uncategorized\">\n<figure style=\"width:50%;height:50%;\" class=\"aligncenter wp-block-post-featured-image\"><a href=\"https:\/\/fchimie.usthb.dz\/index.php\/2022\/04\/14\/journee-scientifique-et-pedagogique-de-la-faculte-de-chimie-jspfc-2022\/\" target=\"_self\"  style=\"height:50%\"><img loading=\"lazy\" decoding=\"async\" width=\"1240\" height=\"1754\" src=\"https:\/\/fchimie.usthb.dz\/wp-content\/uploads\/2022\/06\/JSPFC2022.jpg\" class=\"attachment-post-thumbnail size-post-thumbnail wp-post-image\" alt=\"Journ\u00e9e Scientifique et P\u00e9dagogique de la Facult\u00e9 de Chimie : JSPFC &#8211; 2022\" style=\"height:50%;object-fit:cover;\" srcset=\"https:\/\/fchimie.usthb.dz\/wp-content\/uploads\/2022\/06\/JSPFC2022.jpg 1240w, https:\/\/fchimie.usthb.dz\/wp-content\/uploads\/2022\/06\/JSPFC2022-212x300.jpg 212w, https:\/\/fchimie.usthb.dz\/wp-content\/uploads\/2022\/06\/JSPFC2022-724x1024.jpg 724w, https:\/\/fchimie.usthb.dz\/wp-content\/uploads\/2022\/06\/JSPFC2022-768x1086.jpg 768w, https:\/\/fchimie.usthb.dz\/wp-content\/uploads\/2022\/06\/JSPFC2022-1086x1536.jpg 1086w\" sizes=\"(max-width: 1240px) 100vw, 1240px\" \/><\/a><\/figure>\n\n<div class=\"wp-block-post-excerpt\"><p class=\"wp-block-post-excerpt__excerpt\"> <\/p><\/div>\n\n\n<hr class=\"wp-block-separator\"\/>\n\n\n<div class=\"wp-block-post-date\"><time datetime=\"2022-04-14T10:40:19+00:00\">April 14, 2022<\/time><\/div>\n<\/li><\/ul><\/div><\/div>\n<\/div>\n<\/div>\n<\/div><\/div>\n<\/div>\n","protected":false},"excerpt":{"rendered":"","protected":false},"author":2,"featured_media":0,"parent":0,"menu_order":0,"comment_status":"closed","ping_status":"closed","template":"","meta":{"footnotes":""},"class_list":["post-375","page","type-page","status-publish","hentry"],"_links":{"self":[{"href":"https:\/\/fchimie.usthb.dz\/index.php\/wp-json\/wp\/v2\/pages\/375"}],"collection":[{"href":"https:\/\/fchimie.usthb.dz\/index.php\/wp-json\/wp\/v2\/pages"}],"about":[{"href":"https:\/\/fchimie.usthb.dz\/index.php\/wp-json\/wp\/v2\/types\/page"}],"author":[{"embeddable":true,"href":"https:\/\/fchimie.usthb.dz\/index.php\/wp-json\/wp\/v2\/users\/2"}],"replies":[{"embeddable":true,"href":"https:\/\/fchimie.usthb.dz\/index.php\/wp-json\/wp\/v2\/comments?post=375"}],"version-history":[{"count":6,"href":"https:\/\/fchimie.usthb.dz\/index.php\/wp-json\/wp\/v2\/pages\/375\/revisions"}],"predecessor-version":[{"id":613,"href":"https:\/\/fchimie.usthb.dz\/index.php\/wp-json\/wp\/v2\/pages\/375\/revisions\/613"}],"wp:attachment":[{"href":"https:\/\/fchimie.usthb.dz\/index.php\/wp-json\/wp\/v2\/media?parent=375"}],"curies":[{"name":"wp","href":"https:\/\/api.w.org\/{rel}","templated":true}]}}