{"id":41,"date":"2022-02-20T10:04:01","date_gmt":"2022-02-20T10:04:01","guid":{"rendered":"http:\/\/193.194.89.203\/?page_id=41"},"modified":"2025-05-29T10:49:03","modified_gmt":"2025-05-29T10:49:03","slug":"dpt1","status":"publish","type":"page","link":"https:\/\/fchimie.usthb.dz\/index.php\/dpt1\/","title":{"rendered":"D\u00e9partement de Chimie Organique"},"content":{"rendered":"\n<figure class=\"wp-block-image size-full is-resized\"><img loading=\"lazy\" decoding=\"async\" width=\"768\" height=\"432\" src=\"http:\/\/fchimie.usthb.dz\/wp-content\/uploads\/2022\/08\/Departement-COA.jpg\" alt=\"\" class=\"wp-image-660\" style=\"width:867px;height:488px\" srcset=\"https:\/\/fchimie.usthb.dz\/wp-content\/uploads\/2022\/08\/Departement-COA.jpg 768w, https:\/\/fchimie.usthb.dz\/wp-content\/uploads\/2022\/08\/Departement-COA-300x169.jpg 300w\" sizes=\"(max-width: 768px) 100vw, 768px\" \/><\/figure>\n\n\n\n<p><strong>Chef du d\u00e9partement&nbsp;: Dr. ALIBOUDHAR Hamza<\/strong><\/p>\n\n\n\n<h3 class=\"wp-block-heading\" id=\"email-deptco-facchimie-usthb-dz-haliboudhar-yahoo-fr\">Email&nbsp;: <a href=\"mailto:deptco_facchimie@usthb.dz\">deptco_facchimie@usthb.dz<\/a>&nbsp;; <a href=\"mailto:haliboudhar@yahoo.fr\">haliboudhar@yahoo.fr<\/a><\/h3>\n\n\n\n<p>Le d\u00e9partement Chimie Organique Appliqu\u00e9e a pour missions principales la formation et la recherche. Il s\u2019articule essentiellement autour de cinq Laboratoires de Recherche \u00e0 vocation de formations post-gradu\u00e9es et de recherche scientifique.<\/p>\n\n\n\n<p class=\"has-text-align-left\"><strong>COMIT\u00c9 SCIENTIFIQUE DU D\u00c9PARTEMENT (CSD)&nbsp;<\/strong><\/p>\n\n\n\n<p>Le Comit\u00e9 Scientifique du d\u00e9partement se compose de son pr\u00e9sident, du chef du d\u00e9partement et des membres \u00e9lus repr\u00e9sentants des enseignants de rang magistral et ma\u00eetres assistants A.<\/p>\n\n\n\n<p><br><strong>COMIT\u00c9 SCIENTIFIQUE DU D\u00c9PARTEMENT (CSD)&nbsp;<\/strong><br>Le Comit\u00e9 Scientifique du d\u00e9partement se compose de son pr\u00e9sident, du chef du d\u00e9partement et des membres \u00e9lus repr\u00e9sentants des enseignants de rang magistral et ma\u00eetres assistants A.<\/p>\n\n\n\n<figure class=\"wp-block-image size-full is-resized\"><img loading=\"lazy\" decoding=\"async\" width=\"1640\" height=\"1420\" src=\"http:\/\/fchimie.usthb.dz\/wp-content\/uploads\/2025\/05\/tab1MAJ.png\" alt=\"\" class=\"wp-image-3341\" style=\"width:1009px;height:auto\" srcset=\"https:\/\/fchimie.usthb.dz\/wp-content\/uploads\/2025\/05\/tab1MAJ.png 1640w, https:\/\/fchimie.usthb.dz\/wp-content\/uploads\/2025\/05\/tab1MAJ-300x260.png 300w, https:\/\/fchimie.usthb.dz\/wp-content\/uploads\/2025\/05\/tab1MAJ-1024x887.png 1024w, https:\/\/fchimie.usthb.dz\/wp-content\/uploads\/2025\/05\/tab1MAJ-768x665.png 768w, https:\/\/fchimie.usthb.dz\/wp-content\/uploads\/2025\/05\/tab1MAJ-1536x1330.png 1536w\" sizes=\"(max-width: 1640px) 100vw, 1640px\" \/><\/figure>\n\n\n\n<figure class=\"wp-block-image size-large is-resized\"><img loading=\"lazy\" decoding=\"async\" width=\"904\" height=\"1024\" src=\"http:\/\/fchimie.usthb.dz\/wp-content\/uploads\/2025\/05\/tab2MAJ-904x1024.png\" alt=\"\" class=\"wp-image-3345\" style=\"width:894px;height:1012px\" srcset=\"https:\/\/fchimie.usthb.dz\/wp-content\/uploads\/2025\/05\/tab2MAJ-904x1024.png 904w, https:\/\/fchimie.usthb.dz\/wp-content\/uploads\/2025\/05\/tab2MAJ-265x300.png 265w, https:\/\/fchimie.usthb.dz\/wp-content\/uploads\/2025\/05\/tab2MAJ-768x870.png 768w, https:\/\/fchimie.usthb.dz\/wp-content\/uploads\/2025\/05\/tab2MAJ-1355x1536.png 1355w, https:\/\/fchimie.usthb.dz\/wp-content\/uploads\/2025\/05\/tab2MAJ.png 1652w\" sizes=\"(max-width: 904px) 100vw, 904px\" \/><\/figure>\n\n\n\n<figure class=\"wp-block-image size-full\"><img loading=\"lazy\" decoding=\"async\" width=\"1024\" height=\"966\" src=\"http:\/\/fchimie.usthb.dz\/wp-content\/uploads\/2025\/05\/tab3MAJ-1024x966-1.png\" alt=\"\" class=\"wp-image-3343\" srcset=\"https:\/\/fchimie.usthb.dz\/wp-content\/uploads\/2025\/05\/tab3MAJ-1024x966-1.png 1024w, https:\/\/fchimie.usthb.dz\/wp-content\/uploads\/2025\/05\/tab3MAJ-1024x966-1-300x283.png 300w, https:\/\/fchimie.usthb.dz\/wp-content\/uploads\/2025\/05\/tab3MAJ-1024x966-1-768x725.png 768w\" sizes=\"(max-width: 1024px) 100vw, 1024px\" \/><\/figure>\n\n\n\n<h3 class=\"wp-block-heading\" id=\"formation-master\">FORMATION MASTER&nbsp;<\/h3>\n\n\n\n<p>Le d\u00e9partement de Chimie Organique offre 01 Master Acad\u00e9mique&nbsp;:<\/p>\n\n\n\n<p><strong><strong>MASTER Chimie Pharmaceutique<\/strong><\/strong><\/p>\n\n\n\n<p>Responsable de sp\u00e9cialit\u00e9&nbsp;: Pr. SI-AHMED LADJI Kahina&nbsp; (<a href=\"mailto:kahina_siahmed@yahoo.fr\">kahina_siahmed@yahoo.fr<\/a>).<\/p>\n\n\n<div class=\"wp-block-image\">\n<figure class=\"aligncenter size-large\"><img loading=\"lazy\" decoding=\"async\" width=\"768\" height=\"1024\" src=\"http:\/\/fchimie.usthb.dz\/wp-content\/uploads\/2025\/05\/Masters-Pharmaceutical-Chemistry-USTHB-1-768x1024.jpg\" alt=\"\" class=\"wp-image-3359\" srcset=\"https:\/\/fchimie.usthb.dz\/wp-content\/uploads\/2025\/05\/Masters-Pharmaceutical-Chemistry-USTHB-1-768x1024.jpg 768w, https:\/\/fchimie.usthb.dz\/wp-content\/uploads\/2025\/05\/Masters-Pharmaceutical-Chemistry-USTHB-1-225x300.jpg 225w, https:\/\/fchimie.usthb.dz\/wp-content\/uploads\/2025\/05\/Masters-Pharmaceutical-Chemistry-USTHB-1-1152x1536.jpg 1152w, https:\/\/fchimie.usthb.dz\/wp-content\/uploads\/2025\/05\/Masters-Pharmaceutical-Chemistry-USTHB-1-1536x2048.jpg 1536w, https:\/\/fchimie.usthb.dz\/wp-content\/uploads\/2025\/05\/Masters-Pharmaceutical-Chemistry-USTHB-1-scaled.jpg 1920w\" sizes=\"(max-width: 768px) 100vw, 768px\" \/><\/figure><\/div>\n\n\n<h3 class=\"wp-block-heading\" id=\"formation-doctorale\">FORMATION DOCTORALE&nbsp;<\/h3>\n\n\n\n<p class=\"has-text-align-left\">\u2022 Doctorats LMD (3\u00e8me cycle) des Masters dipl\u00f4m\u00e9s en Chimie Pharmaceutique et en Chimie des Produits     Naturels-Chimie des M\u00e9dicaments.<br>\u2022 Doctorats en Sciences (syst\u00e8me classique) en cours jusqu\u2019\u00e0 leur extinction.<\/p>\n","protected":false},"excerpt":{"rendered":"<p>Chef du d\u00e9partement&nbsp;: Dr. ALIBOUDHAR Hamza Email&nbsp;: deptco_facchimie@usthb.dz&nbsp;; haliboudhar@yahoo.fr Le d\u00e9partement Chimie Organique Appliqu\u00e9e a pour missions principales la formation <span class=\"readmore\"><a href=\"https:\/\/fchimie.usthb.dz\/index.php\/dpt1\/\">Suite<\/a><\/span><\/p>\n","protected":false},"author":1,"featured_media":0,"parent":0,"menu_order":0,"comment_status":"closed","ping_status":"closed","template":"","meta":{"footnotes":""},"class_list":["post-41","page","type-page","status-publish","hentry"],"_links":{"self":[{"href":"https:\/\/fchimie.usthb.dz\/index.php\/wp-json\/wp\/v2\/pages\/41"}],"collection":[{"href":"https:\/\/fchimie.usthb.dz\/index.php\/wp-json\/wp\/v2\/pages"}],"about":[{"href":"https:\/\/fchimie.usthb.dz\/index.php\/wp-json\/wp\/v2\/types\/page"}],"author":[{"embeddable":true,"href":"https:\/\/fchimie.usthb.dz\/index.php\/wp-json\/wp\/v2\/users\/1"}],"replies":[{"embeddable":true,"href":"https:\/\/fchimie.usthb.dz\/index.php\/wp-json\/wp\/v2\/comments?post=41"}],"version-history":[{"count":21,"href":"https:\/\/fchimie.usthb.dz\/index.php\/wp-json\/wp\/v2\/pages\/41\/revisions"}],"predecessor-version":[{"id":3361,"href":"https:\/\/fchimie.usthb.dz\/index.php\/wp-json\/wp\/v2\/pages\/41\/revisions\/3361"}],"wp:attachment":[{"href":"https:\/\/fchimie.usthb.dz\/index.php\/wp-json\/wp\/v2\/media?parent=41"}],"curies":[{"name":"wp","href":"https:\/\/api.w.org\/{rel}","templated":true}]}}