{"id":543,"date":"2022-06-11T16:17:49","date_gmt":"2022-06-11T16:17:49","guid":{"rendered":"http:\/\/193.194.89.203\/?page_id=543"},"modified":"2022-06-11T16:23:35","modified_gmt":"2022-06-11T16:23:35","slug":"fonds-documentaire","status":"publish","type":"page","link":"https:\/\/fchimie.usthb.dz\/index.php\/fonds-documentaire\/","title":{"rendered":"Fonds documentaire"},"content":{"rendered":"\n<h3 class=\"has-blue-color has-text-color wp-block-heading\" id=\"politique-d-acquisition\">Politique d\u2019acquisition<a><\/a><\/h3>\n\n\n\n<p>La politique d\u2019acquisition de la biblioth\u00e8que de recherche s\u2019adapte \u00e0 l\u2019offre de formation de la facult\u00e9 de Chimie et aux besoins de la recherche. Elle tient compte des \u00e9volutions de la production \u00e9ditoriale sp\u00e9cialis\u00e9e tant du point de vue des contenus intellectuels que des supports de diffusion.<\/p>\n\n\n\n<h3 class=\"has-blue-color has-text-color wp-block-heading\" id=\"domaine-d-application-du-fonds-documentaire-chimie-et-sciences-connexes\">Domaine d\u2019application du fonds documentaire&nbsp;: Chimie et sciences connexes.<a><\/a><\/h3>\n\n\n\n<p>C\u2019est la science de la transformation de la mati\u00e8re, \u00e0 l\u2019exception des transformations qui rel\u00e8vent de la physique.<\/p>\n\n\n\n<p><strong>Chimie <\/strong> : Etude et enseignement) qui comprend principalement :<\/p>\n\n\n\n<ul class=\"wp-block-list\"><li><strong>Chimie quantique<\/strong>\u00a0: Application de la th\u00e9orie des quanta \u00e0 l\u2019\u00e9tude des liaisons chimiques.<\/li><li><strong>Thermodynamique chimique <\/strong>\u00a0: Application de la thermodynamique \u00e0 l\u2019\u00e9tude des r\u00e9actions chimiques.<\/li><li><strong>Electrochimie <\/strong>\u00a0: Application de l\u2019\u00e9lectricit\u00e9 aux r\u00e9actions chimiques.<\/li><li><strong>Cin\u00e9tique chimique<\/strong>\u00a0: Etude de la vitesse et des m\u00e9canismes des r\u00e9actions chimiques.<\/li><li><strong>Catalyse<\/strong>\u00a0: Etude des substances qui d\u00e9clenchent une r\u00e9action ou en augmentant la vitesse sans apparemment y prendre part.<\/li><li><strong>Spectroscopie <\/strong>\u00a0: Utilisation des ondes pour l\u2019\u00e9tude des structures des liaisons et des m\u00e9canismes de r\u00e9actions.<\/li><li><strong>Chimie analytique <\/strong>\u00a0: Analyse des substances et des m\u00e9langes et recherche des impuret\u00e9s.<\/li><li><strong>Chimie macromol\u00e9culaire <\/strong>\u00a0: Etude des polym\u00e8res. Mol\u00e9cules de grandes dimensions\u00a0: plastiques et caoutchouc etc.<\/li><\/ul>\n\n\n\n<p><strong>Chimie inorganique<\/strong> : Etude des autres substances. Qui comprend entre autres :<\/p>\n\n\n\n<ul class=\"wp-block-list\"><li><strong>Cristallographie\u00a0:<\/strong> \u00c9tude des cristaux.<\/li><li><strong>Min\u00e9ralogie<\/strong>\u00a0: \u00c9tude des min\u00e9raux.<\/li><\/ul>\n\n\n\n<p><strong>Chimie orga<\/strong>nique : Etude des compos\u00e9s du carbone, \u00e0 l\u2019exception du carbone lui-m\u00eame et de ses oxydes.<\/p>\n\n\n\n<p><strong>Biochimie <\/strong>: Etude des constituants de la mati\u00e8re vivante et de leurs r\u00e9actions.<\/p>\n\n\n\n<h3 class=\"has-blue-color has-text-color wp-block-heading\" id=\"collecte-et-acquisition\">Collecte et Acquisition<a><\/a><\/h3>\n\n\n\n<ul class=\"wp-block-list\"><li>Achat s\u00e9lectif d\u2019ouvrages, vu l\u2019\u00e9tendue du domaine.<\/li><li>Abonnements en ligne (SNDL)<\/li><li>Projet ISTeMag (Universit\u00e9 du Maghreb).<\/li><\/ul>\n\n\n\n<p>La politique d\u2019acquisition est, par cons\u00e9quent, ni statique, ni d\u00e9finitive&nbsp;: elle se r\u00e9ajuste dans le temps suivant les \u00e9volutions diverses&nbsp;: \u00e9volutions des usagers, r\u00e9forme des \u00e9tudes et programmes de la recherche, etc.<\/p>\n\n\n\n<h3 class=\"has-blue-color has-text-color wp-block-heading\" id=\"nature-des-documents\">Nature des documents <a><\/a><\/h3>\n\n\n\n<p>Monographies, Ouvrages de r\u00e9f\u00e9rence (tels que&nbsp;: Encyclop\u00e9dies, Dictionnaires, Recueils et Tables de donn\u00e9es), Ouvrages didactiques (\u00e9tude et enseignement), Outils de recherche bibliographique (tels que&nbsp;: Chemical Abstracts (depuis 1928), Current Contents), P\u00e9riodiques sp\u00e9cialis\u00e9s.<\/p>\n\n\n\n<h3 class=\"has-blue-color has-text-color wp-block-heading\" id=\"volume-du-fonds-documentaire\">Volume du fonds documentaire <a><\/a><\/h3>\n\n\n\n<ul class=\"wp-block-list\"><li>8000 volumes (4000 titres de monographies).<\/li><li>200 abonnements morts (journal et revue). Ils sont pour plus de la moiti\u00e9 en langue anglo-saxonne, le reste \u00e9tant en langue fran\u00e7aise.<\/li><\/ul>\n\n\n\n<h3 class=\"has-blue-color has-text-color wp-block-heading\" id=\"accroissement-annuel\">Accroissement annuel <a><\/a><\/h3>\n\n\n\n<ul class=\"wp-block-list\"><li>Environ 200 titres de monographies par ann\u00e9e universitaire.<br>(Il faut noter, qu\u2019aucune acquisition notable n\u2019est effectu\u00e9e depuis 1985).<\/li><li>Reprise des acquisitions en 2002.<\/li><\/ul>\n","protected":false},"excerpt":{"rendered":"<p>Politique d\u2019acquisition La politique d\u2019acquisition de la biblioth\u00e8que de recherche s\u2019adapte \u00e0 l\u2019offre de formation de la facult\u00e9 de Chimie <span class=\"readmore\"><a href=\"https:\/\/fchimie.usthb.dz\/index.php\/fonds-documentaire\/\">Suite<\/a><\/span><\/p>\n","protected":false},"author":2,"featured_media":0,"parent":0,"menu_order":0,"comment_status":"closed","ping_status":"closed","template":"","meta":{"footnotes":""},"class_list":["post-543","page","type-page","status-publish","hentry"],"_links":{"self":[{"href":"https:\/\/fchimie.usthb.dz\/index.php\/wp-json\/wp\/v2\/pages\/543"}],"collection":[{"href":"https:\/\/fchimie.usthb.dz\/index.php\/wp-json\/wp\/v2\/pages"}],"about":[{"href":"https:\/\/fchimie.usthb.dz\/index.php\/wp-json\/wp\/v2\/types\/page"}],"author":[{"embeddable":true,"href":"https:\/\/fchimie.usthb.dz\/index.php\/wp-json\/wp\/v2\/users\/2"}],"replies":[{"embeddable":true,"href":"https:\/\/fchimie.usthb.dz\/index.php\/wp-json\/wp\/v2\/comments?post=543"}],"version-history":[{"count":2,"href":"https:\/\/fchimie.usthb.dz\/index.php\/wp-json\/wp\/v2\/pages\/543\/revisions"}],"predecessor-version":[{"id":546,"href":"https:\/\/fchimie.usthb.dz\/index.php\/wp-json\/wp\/v2\/pages\/543\/revisions\/546"}],"wp:attachment":[{"href":"https:\/\/fchimie.usthb.dz\/index.php\/wp-json\/wp\/v2\/media?parent=543"}],"curies":[{"name":"wp","href":"https:\/\/api.w.org\/{rel}","templated":true}]}}