{"id":551,"date":"2022-06-11T16:30:04","date_gmt":"2022-06-11T16:30:04","guid":{"rendered":"http:\/\/193.194.89.203\/?page_id=551"},"modified":"2022-06-11T16:30:04","modified_gmt":"2022-06-11T16:30:04","slug":"environnement-documentaire","status":"publish","type":"page","link":"https:\/\/fchimie.usthb.dz\/index.php\/environnement-documentaire\/","title":{"rendered":"Environnement documentaire"},"content":{"rendered":"\n<p>La biblioth\u00e8que de recherche a la charge de l\u2019animation et de la gestion du r\u00e9seau documentaire de la facult\u00e9 de Chimie, tant au niveau local que national.<\/p>\n\n\n\n<ul class=\"wp-block-list\"><li>Au niveau local<\/li><\/ul>\n\n\n\n<p><a href=\"http:\/\/www.dist.cerist.dz\/Chimie_USTHB\">Consulter le catalogue de la biblipth\u00e8que<\/a><\/p>\n\n\n\n<p>Ce lien s\u2019ajoute au sein du catalogue collectif de l\u2019USTHB.<\/p>\n\n\n\n<ul class=\"wp-block-list\"><li>Au niveau national<\/li><\/ul>\n\n\n\n<p>La biblioth\u00e8que de recherche adh\u00e8re \u00e0 des consortiums nationaux (RIBU et <a href=\"http:\/\/193.194.76.3\">CCDZ <\/a>)<\/p>\n","protected":false},"excerpt":{"rendered":"<p>La biblioth\u00e8que de recherche a la charge de l\u2019animation et de la gestion du r\u00e9seau documentaire de la facult\u00e9 de <span class=\"readmore\"><a href=\"https:\/\/fchimie.usthb.dz\/index.php\/environnement-documentaire\/\">Suite<\/a><\/span><\/p>\n","protected":false},"author":2,"featured_media":0,"parent":0,"menu_order":0,"comment_status":"closed","ping_status":"closed","template":"","meta":{"footnotes":""},"class_list":["post-551","page","type-page","status-publish","hentry"],"_links":{"self":[{"href":"https:\/\/fchimie.usthb.dz\/index.php\/wp-json\/wp\/v2\/pages\/551"}],"collection":[{"href":"https:\/\/fchimie.usthb.dz\/index.php\/wp-json\/wp\/v2\/pages"}],"about":[{"href":"https:\/\/fchimie.usthb.dz\/index.php\/wp-json\/wp\/v2\/types\/page"}],"author":[{"embeddable":true,"href":"https:\/\/fchimie.usthb.dz\/index.php\/wp-json\/wp\/v2\/users\/2"}],"replies":[{"embeddable":true,"href":"https:\/\/fchimie.usthb.dz\/index.php\/wp-json\/wp\/v2\/comments?post=551"}],"version-history":[{"count":1,"href":"https:\/\/fchimie.usthb.dz\/index.php\/wp-json\/wp\/v2\/pages\/551\/revisions"}],"predecessor-version":[{"id":552,"href":"https:\/\/fchimie.usthb.dz\/index.php\/wp-json\/wp\/v2\/pages\/551\/revisions\/552"}],"wp:attachment":[{"href":"https:\/\/fchimie.usthb.dz\/index.php\/wp-json\/wp\/v2\/media?parent=551"}],"curies":[{"name":"wp","href":"https:\/\/api.w.org\/{rel}","templated":true}]}}